{"id":187,"date":"2017-03-15T15:22:14","date_gmt":"2017-03-15T15:22:14","guid":{"rendered":"http:\/\/webshop.meonline.hu\/product\/me-20171\/"},"modified":"2017-04-21T17:13:48","modified_gmt":"2017-04-21T17:13:48","slug":"me-20171","status":"publish","type":"product","link":"http:\/\/webshop.meonline.hu\/en\/termek\/me-20171\/","title":{"rendered":"M\u00c9 2017\/1"},"content":{"rendered":"<p>Hungarian Architecture 2017\/1<\/p>\n<div class=\"tartalom\"><a style=\"color: #ffffff;\" href=\"http:\/\/meonline.hu\/en\/category\/archivum\/2017\/20171\/\" target=\"_blank\">Check out our issue of 2017\/1 on our website!<\/a><\/div>\n<p>&nbsp;<\/p>\n<h4>Content<\/h4>\n<p>SCENE<\/p>\n<p>Concept Contest for Citadella \u2013 Zsuzsa Beliczay<br \/>\nArchitecture Media Awards 2016<\/p>\n<p>THEME<\/p>\n<p>An Arc of Time. Reconstruction and Extension of Hild Mansion \u2013 Mikl\u00f3s Sulyok<br \/>\nAn Organised Association of Teachers and Students. Jakab Bleyer Elementary School, Buda\u00f6rs<br \/>\n\u2013 Zolt\u00e1n Dragon<br \/>\nActing Colours. National Tennis Centre, Budapest \u2013 Anna Z\u00f6ldi<br \/>\nSleeping Beauty Awaken. Ferry Station, Szentendre \u2013 Tam\u00e1s Ulrich<br \/>\nA Milestone Brightening Up. Nordic Light Office Block, Budapest \u2013 Anett Mizsei<br \/>\nA Friendly Dwelling Machine. Energy-conscious Detached House, P\u00e9cs \u2013 B\u00e1lint Botzheim<br \/>\nThe Principles of Space. Science Museum, London \u2013 Eszter G\u00f6tz<br \/>\nBy Time it will Shine. The Reconstruction of the Minor Castle in Fert\u0151d \u2013 Eszter G\u00f6tz<br \/>\nOld Home, New Functions. Ple\u010dnik House, Ljubljana \u2013 Edit P\u00e1link\u00e1s<br \/>\nEverything is all right. Piarist Kindergarten in Nagykanizsa \u2013 Ferenc Cs\u00e1goly<\/p>\n<p>POST SCRIPTUM<\/p>\n<p>The Synagogue In \u00d3buda. Architectural Witness of the Jewish Enlightment \u2013 Rudolf Klein, Gergely<br \/>\nDomonkos Nagy<br \/>\n (Re)creating Values. Recycling Cloisters and their Afterlife via Contemporary Architectural Interventions<br \/>\n\u2013 Bianka Varga<br \/>\nWomen Architects in the Socialist Era (1945\u20131989) \u2013 B\u00e9la Ker\u00e9kgy\u00e1rt\u00f3<br \/>\nAz \u00e9szleletek v\u00e1ltakoz\u00e1s\u00e1b\u00f3l kialakul\u00f3 \u00e9p\u00edt\u00e9szeti \u00e9lm\u00e9ny. Tadao Ando St. Louis-i gal\u00e9ria<br \/>\n\u00e9p\u00fclet\u00e9ben \u2013 Losonczi Anna<br \/>\nArchitectural interest aroused by a variety of percepts in the interiors designed by Tadao Ando in St. Louis \u2013 Anna Losonczi<br \/>\nHighrises in Budapest \u2013 Imre K\u00f6rmendy<br \/>\nAHA in the 21st century. Discussion about the Future of AHA \u2013 Anna Z\u00f6ldi, B\u00e1lint Botzheim<\/p>\n<p>PLAN<\/p>\n<p>Egy\u00fctt\u00e9l\u00e9s a t\u00e1volabbi szomsz\u00e9ddal. Chlorella algapavilon terve \u2013 Mikl\u00f3si \u00c1d\u00e1m<br \/>\nSymbiosis with the far neighbours. Chlorella Pavilion \u2013 \u00c1d\u00e1m Mikl\u00f3si<\/p>\n<p>PASSAGE<\/p>\n<p>Kik \u00e9ltek, kik \u00e9p\u00edtettek itt? Zsid\u00f3 hozz\u00e1j\u00e1rul\u00e1s Budapest vil\u00e1gv\u00e1ross\u00e1 v\u00e1l\u00e1s\u00e1hoz<br \/>\nAz \u00d3V\u00c1S! Egyes\u00fclet konferenci\u00e1ja \u00e9s ki\u00e1ll\u00edt\u00e1sa \u2013 G\u00f6tz Eszter<br \/>\nSaj\u00f3 Istv\u00e1n \u00fajrafelfedez\u00e9se, MODEM, M\u0171csarnok \u2013 Szeg\u0151 Gy\u00f6rgy<br \/>\nPeter Cook retrospekt\u00edv ki\u00e1ll\u00edt\u00e1s. \u00c9p\u00edt\u00e9szeti Rajzok M\u00fazeuma, Berlin \u2013 G\u00f6tz Eszter<br \/>\nPiranesi d\u00edj 2016, FUGA \u2013 P\u00e1link\u00e1s Edit<br \/>\nKotsis Iv\u00e1n eml\u00e9k\u00e9rem 2016: Nagy Tam\u00e1s<br \/>\nRerrich B\u00e9la eml\u00e9kki\u00e1ll\u00edt\u00e1s, Pavilon Gal\u00e9ria \u2013 Szeg\u0151 Gy\u00f6rgy<br \/>\nBreuer \u00fajra itthon, Iparm\u0171v\u00e9szeti M\u00fazeum<br \/>\n\u0130stanbul 100. K\u00f3s K\u00e1roly ki\u00e1ll\u00edt\u00e1s, Isztambuli Magyar Int\u00e9zet<\/p>\n<p>H\u00edrek, d\u00edjak, ki\u00e1ll\u00edt\u00e1sok, p\u00e1ly\u00e1zatok<br \/>\nLapsz\u00e1munk \u00e9p\u00edt\u00e9szei<br \/>\nLapsz\u00e1munk szerz\u0151i<br \/>\n\u00c9ves tartalom \u2013 N\u00e9vmutat\u00f3 2016<\/p>\n","protected":false},"excerpt":{"rendered":"<p>Incl. VAT, Excl. <a href=\"http:\/\/webshop.meonline.hu\/szallitasi-dijak\/\">Shipping<\/a><\/p>\n","protected":false},"featured_media":170,"comment_status":"open","ping_status":"closed","template":"","meta":{"_et_pb_use_builder":"","_et_pb_old_content":"","_et_gb_content_width":""},"product_cat":[16,17],"product_tag":[],"_links":{"self":[{"href":"http:\/\/webshop.meonline.hu\/en\/wp-json\/wp\/v2\/product\/187"}],"collection":[{"href":"http:\/\/webshop.meonline.hu\/en\/wp-json\/wp\/v2\/product"}],"about":[{"href":"http:\/\/webshop.meonline.hu\/en\/wp-json\/wp\/v2\/types\/product"}],"replies":[{"embeddable":true,"href":"http:\/\/webshop.meonline.hu\/en\/wp-json\/wp\/v2\/comments?post=187"}],"wp:featuredmedia":[{"embeddable":true,"href":"http:\/\/webshop.meonline.hu\/en\/wp-json\/wp\/v2\/media\/170"}],"wp:attachment":[{"href":"http:\/\/webshop.meonline.hu\/en\/wp-json\/wp\/v2\/media?parent=187"}],"wp:term":[{"taxonomy":"product_cat","embeddable":true,"href":"http:\/\/webshop.meonline.hu\/en\/wp-json\/wp\/v2\/product_cat?post=187"},{"taxonomy":"product_tag","embeddable":true,"href":"http:\/\/webshop.meonline.hu\/en\/wp-json\/wp\/v2\/product_tag?post=187"}],"curies":[{"name":"wp","href":"https:\/\/api.w.org\/{rel}","templated":true}]}}