{"id":188,"date":"2017-03-08T15:18:55","date_gmt":"2017-03-15T15:18:55","guid":{"rendered":"http:\/\/webshop.meonline.hu\/product\/me-20161\/"},"modified":"2017-04-21T18:25:34","modified_gmt":"2017-04-21T18:25:34","slug":"me-20161","status":"publish","type":"product","link":"http:\/\/webshop.meonline.hu\/en\/termek\/me-20161\/","title":{"rendered":"M\u00c9 2016\/1"},"content":{"rendered":"<p>Hungarian Architecture 2016\/1<br \/>\n&nbsp;<\/p>\n<div class=\"tartalom\">\n   <a target=\"_blank\" href=\"http:\/\/meonline.hu\/en\/category\/archivum\/2016\/20161\/\"  style=\"color:#ffffff;\">Check out our issue of 2016\/1 on our website!<\/a>\n<\/div>\n<p>&nbsp;<\/p>\n<h4>Content<\/h4>\n<p>SCENE<\/p>\n<p>Public Buildings \u2013 Changing Aspects \u2013 Eszter G\u00f6tz<br \/>\nFreestyle or In a Responsible Way Opinions on the Cancellation of Licensing the Construction of Detached Family Houses \u2013 \u00c9va T\u00e9t\u00e9nyi<\/p>\n<p>THEME<\/p>\n<p>Telluric power. The New St George\u2019s Church in J\u00f3zsa District, Debrecen \u2013 Tam\u00e1s Meggyesi<br \/>\nThe Dignity of Synthesis. The Remodelling and Extension of the Clinic, P\u00e9cs \u2013 Istv\u00e1n Kiss Zsolt dr.<br \/>\nFrom train depot to a public space. Railway Station, P\u00e9cs \u2013 M\u00f3nika Pilkhoffer<br \/>\nAn Urban Structure Being Re-Evaluated. Southern Railway Station, Budapest \u2013 B\u00e9la Nagy dr.<br \/>\nForged into one. Municipal Offices and Train Station, Delft \u2013 Edit P\u00e1link\u00e1s<br \/>\nLovely Playfulness. Bus station, Szentgotth\u00e1rd \u2013 Anett Mizsei<br \/>\nRiding a Bus in a Pompous Way. Coach Terminal, Keszthely \u2013 Mikl\u00f3s Okrutay<br \/>\nUp close and far away. Star park, Zselic \u2013 Judit Fenyvesi<br \/>\nLand art on the Top of the World. Messner Mountain Museum, Corones, Italy \u2013 Eszter G\u00f6tz<br \/>\n\u00c9p\u00edt\u0151 j\u00e1t\u00e9k. D\u00e9v\u00e9nyi Antal-kil\u00e1t\u00f3, Nagy-Kopasz hegy \u2013 Okrutay Mikl\u00f3s<br \/>\nBuilding Game. D\u00e9v\u00e9nyi Antal Lookout Tower, Nagy-Kopasz Hill \u2013 Mikl\u00f3s Okrutay<br \/>\nIn-Between High-tech and Simplicity. Detached Family House, P\u00e9cs, Mecsek-Side \u2013 Gerg\u0151 Radev<br \/>\nA hidden sacral axe. St Gell\u00e9rt Hotel and Study House, Sz\u00e9kesfeh\u00e9rv\u00e1r \u2013 J\u00e1nos Dob\u00f3<br \/>\nKossuth Mausoleum Salvaged. the renewed monument was opened \u2013 Gy\u00f6rgy Szeg\u0151<br \/>\nArchitects, Archive! \u2013 Tam\u00e1s Ulrich<\/p>\n<p>POST SCRIPTUM<\/p>\n<p>The Fifth Tree Ring. A Brief Survey 2015 \u2013 G\u00e1bor Nagy<br \/>\nA Challenges of the Global World. Lecture in the Thursday School of M\u00c9SZ \u2013 Ervin L\u00e1szl\u00f3<br \/>\nA Changing World. A Holistic Approach to the Climate Summit in Paris \u2013 L\u00e1szl\u00f3 Antal Z.<br \/>\nInteractions of a Mental Map and Perception. Architecture and Psychology, Research and Planning \u2013 Anna Losonczi<\/p>\n<p>PLAN<\/p>\n<p>Remodelled Office Bloc kin Kossuth Square, Budapest. Results of the Open Concept Tender<br \/>\nA Gentle Person, A Gentle House. Diploma Project, MOME, 2015 \u2013 Bori Fenyvesi<\/p>\n<p>PASSAGE<\/p>\n<p>Alejandro Aravena: Pritzker-d\u00edj 2016<br \/>\nMese a v\u00e1rosrehabilit\u00e1ci\u00f3r\u00f3l. SEM IX. konferencia, Budapest \u2013 Szab\u00f3 Julianna<br \/>\nRe: konstrukci\u00f3. A Hetedik M\u0171terem ki\u00e1ll\u00edt\u00e1sa \u2013 Cs\u00e1goly Ferenc<br \/>\nKultur\u00e1lis nagyberuh\u00e1z\u00e1sok 2016 \u2013 Szerdahelyi J\u00falia<br \/>\nL\u0151rinczi Edit bels\u0151\u00e9p\u00edt\u00e9sz \u2013 Tatai M\u00e1ria<br \/>\nHalmos Bal\u00e1zs\u2013 Mar\u00f3tzy Katalin: M\u0171eml\u00e9k, rajz, kutat\u00e1s \u2013 G\u00f6tz Eszter<br \/>\nV\u00e1rosliget \u2013 V\u00e1ros \u2013 V\u00e1r. MUT, 2015 \u2013 G\u00f6tz Eszter<br \/>\nA F\u00e9ny Mestere d\u00edj 2015<\/p>\n<p>H\u00edrek, d\u00edjak, ki\u00e1ll\u00edt\u00e1sok, p\u00e1ly\u00e1zatok<\/p>\n<p>Lapsz\u00e1munk \u00e9p\u00edt\u00e9szei<br \/>\nLapsz\u00e1munk szerz\u0151i<br \/>\n\u00c9ves tartalom \u2013 N\u00e9vmutat\u00f3 2015<\/p>\n","protected":false},"excerpt":{"rendered":"<p>Incl. VAT, Excl. <a href=\"http:\/\/webshop.meonline.hu\/szallitasi-dijak\/\">Shipping<\/a><\/p>\n","protected":false},"featured_media":178,"comment_status":"open","ping_status":"closed","template":"","meta":{"_et_pb_use_builder":"","_et_pb_old_content":"","_et_gb_content_width":""},"product_cat":[15,17],"product_tag":[],"_links":{"self":[{"href":"http:\/\/webshop.meonline.hu\/en\/wp-json\/wp\/v2\/product\/188"}],"collection":[{"href":"http:\/\/webshop.meonline.hu\/en\/wp-json\/wp\/v2\/product"}],"about":[{"href":"http:\/\/webshop.meonline.hu\/en\/wp-json\/wp\/v2\/types\/product"}],"replies":[{"embeddable":true,"href":"http:\/\/webshop.meonline.hu\/en\/wp-json\/wp\/v2\/comments?post=188"}],"wp:featuredmedia":[{"embeddable":true,"href":"http:\/\/webshop.meonline.hu\/en\/wp-json\/wp\/v2\/media\/178"}],"wp:attachment":[{"href":"http:\/\/webshop.meonline.hu\/en\/wp-json\/wp\/v2\/media?parent=188"}],"wp:term":[{"taxonomy":"product_cat","embeddable":true,"href":"http:\/\/webshop.meonline.hu\/en\/wp-json\/wp\/v2\/product_cat?post=188"},{"taxonomy":"product_tag","embeddable":true,"href":"http:\/\/webshop.meonline.hu\/en\/wp-json\/wp\/v2\/product_tag?post=188"}],"curies":[{"name":"wp","href":"https:\/\/api.w.org\/{rel}","templated":true}]}}