{"id":189,"date":"2017-03-09T15:16:27","date_gmt":"2017-03-15T15:16:27","guid":{"rendered":"http:\/\/webshop.meonline.hu\/product\/me-20162\/"},"modified":"2017-04-21T18:24:27","modified_gmt":"2017-04-21T18:24:27","slug":"me-20162","status":"publish","type":"product","link":"http:\/\/webshop.meonline.hu\/en\/termek\/me-20162\/","title":{"rendered":"M\u00c9 2016\/2"},"content":{"rendered":"<p>Hungarian Architecture 2016\/2<br \/>\n&nbsp;<\/p>\n<div class=\"tartalom\">\n   <a target=\"_blank\" href=\"http:\/\/meonline.hu\/en\/category\/archivum\/2016\/20162\/\"  style=\"color:#ffffff;\">Check out our issue of 2016\/2 on our website!<\/a>\n<\/div>\n<p>&nbsp;<\/p>\n<h4>Content<\/h4>\n<p>SCENE<\/p>\n<p>National Awards and Prizes, March 15th, 2016<br \/>\n13th International Architecture Congress \u2013 Anna Z\u00f6ldi<br \/>\n8th Budapest Architecture Film Days \u2013 Anna Z\u00f6ldi<br \/>\nMOME Campus Development Scheme. Results of the Contest<\/p>\n<p>THEME<\/p>\n<p>Moderate Approaches.  National Heritage Park, \u00d3pusztaszer \u2013 Anna Z\u00f6ldi<br \/>\nOpening a Gate. Ludovika Campus Boarding School, Budapest \u2013 Eszter G\u00f6tz<br \/>\nFresh Viticulture. Anonym Winery, Etyek \u2013 Ferenc T\u00f6r\u00f6k<br \/>\nA Scale Found. The Reconstruction of the Town Hall, Visegr\u00e1d \u2013 Mikl\u00f3s Okrutay<br \/>\nAn Evolving History. The Restoration of the Castle in Sikl\u00f3s \u2013 Tam\u00e1s Fej\u00e9rdy<br \/>\nBlack Diamond. International Conference Centre, Katowice \u2013 Eszter G\u00f6tz<br \/>\nReady for Travel. Hungarian Railways Auxiliary Buildings, V\u00e1c \u2013 B\u00e1lint Botzheim<br \/>\nFrom the Within towards the Outside. Summer Resort, Balatonsz\u00e1rsz\u00f3 \u2013 Levente Szab\u00f3<br \/>\nSunroof. Farmers and Fish Market, Vodice, Croatia \u2013 Eszter G\u00f6tz<br \/>\nArchitecture at the Edge of Hungary. Communal Fruit Processing Plant, Mark\u00f3c \u2013 Veronika Holczer<\/p>\n<p>POST SCRIPTUM<\/p>\n<p>Small Scale, Big Change. Lecture by Andres at MOME \u2013 Eszter G\u00f6tz<br \/>\nArchitecture in Austria in the 20th and 21st centuries \u2013 Gy\u00f6rgy Szeg\u0151<br \/>\nMavericks: Breaking the Mould of British Architecture \u2013 Gy\u00f6rgy Szeg\u0151<br \/>\nPost-Modernist Potemkin. Skopje 2014 \u2013 Rudolf Klein<br \/>\nMax Fabiani, the Architect of the Monarchy \u2013 Boris Podrecca<br \/>\nSilence as a Concept of Architectural Space. Contemplative Spaces in Church Architecture Today I. \u2013 Vilmos Katona<br \/>\nXin chao Viet Nam \u2013 Greetings to Vietnam! A Study Trip in Vietnam with the Doctoral School, Faculty of Architecture \u2013 Bence T\u00f6r\u00f6k<\/p>\n<p>PLAN<\/p>\n<p>Sacre Coeur Nunnery. Architectural Competition \u2013 1st Prize<br \/>\nGourmet Street Food pavilion. [AC-CA]\u2122 Architectural Competition \u2013 1st Prize<\/p>\n<p>PASSAGE<\/p>\n<p>Josef Frank: Against Design \u2013 Szeg\u0151 Hanna<br \/>\nG\u00e1bor D\u00e9nes \u2013d\u00edj 2015. Ifj. Kistelegdi Istv\u00e1n \u2013 G\u00f6tz Eszter<br \/>\n\u00d6r\u00f6mvonalak. Farkas G\u00e1bor \u00e9p\u00edt\u00e9sz albuma \u2013 Szeg\u0151 Gy\u00f6rgy<br \/>\nDEMO:POLIS \u2013 G\u00f6tz Eszter<br \/>\nV\u00edzizr\u00ed. Munk\u00e1skult\u00fara a Duna partj\u00e1n<br \/>\nPier Luigi Nervi. \u00c9p\u00edt\u00e9szet a sport\u00e9rt \u2013 P\u00e1link\u00e1s Edit<\/p>\n<p>FAREWELL<\/p>\n<p>Zaha Hadid (1950-2016) \u2013 Szeg\u0151 Gy\u00f6rgy<br \/>\nKer\u00e9nyi J\u00f3zsef (1934-2016) \u2013 Szeg\u0151 Gy\u00f6rgy<br \/>\nH\u0151nich Henrich (1941-2016) \u2013 B\u00e1lint Imre <\/p>\n<p>H\u00edrek, d\u00edjak, ki\u00e1ll\u00edt\u00e1sok, p\u00e1ly\u00e1zatok<br \/>\nLapsz\u00e1munk \u00e9p\u00edt\u00e9szei<br \/>\nLapsz\u00e1munk szerz\u0151i<\/p>\n","protected":false},"excerpt":{"rendered":"<p>Incl. VAT, Excl. <a href=\"http:\/\/webshop.meonline.hu\/szallitasi-dijak\/\">Shipping<\/a><\/p>\n","protected":false},"featured_media":177,"comment_status":"open","ping_status":"closed","template":"","meta":{"_et_pb_use_builder":"","_et_pb_old_content":"","_et_gb_content_width":""},"product_cat":[15,17],"product_tag":[],"_links":{"self":[{"href":"http:\/\/webshop.meonline.hu\/en\/wp-json\/wp\/v2\/product\/189"}],"collection":[{"href":"http:\/\/webshop.meonline.hu\/en\/wp-json\/wp\/v2\/product"}],"about":[{"href":"http:\/\/webshop.meonline.hu\/en\/wp-json\/wp\/v2\/types\/product"}],"replies":[{"embeddable":true,"href":"http:\/\/webshop.meonline.hu\/en\/wp-json\/wp\/v2\/comments?post=189"}],"wp:featuredmedia":[{"embeddable":true,"href":"http:\/\/webshop.meonline.hu\/en\/wp-json\/wp\/v2\/media\/177"}],"wp:attachment":[{"href":"http:\/\/webshop.meonline.hu\/en\/wp-json\/wp\/v2\/media?parent=189"}],"wp:term":[{"taxonomy":"product_cat","embeddable":true,"href":"http:\/\/webshop.meonline.hu\/en\/wp-json\/wp\/v2\/product_cat?post=189"},{"taxonomy":"product_tag","embeddable":true,"href":"http:\/\/webshop.meonline.hu\/en\/wp-json\/wp\/v2\/product_tag?post=189"}],"curies":[{"name":"wp","href":"https:\/\/api.w.org\/{rel}","templated":true}]}}