{"id":190,"date":"2017-03-10T15:14:21","date_gmt":"2017-03-15T15:14:21","guid":{"rendered":"http:\/\/webshop.meonline.hu\/product\/me-20163\/"},"modified":"2017-04-21T18:22:52","modified_gmt":"2017-04-21T18:22:52","slug":"me-20163","status":"publish","type":"product","link":"http:\/\/webshop.meonline.hu\/en\/termek\/me-20163\/","title":{"rendered":"M\u00c9 2016\/3"},"content":{"rendered":"<p>Hungarian Architecture 2016\/3<br \/>\n&nbsp;<\/p>\n<div class=\"tartalom\">\n   <a target=\"_blank\" href=\"http:\/\/meonline.hu\/en\/category\/archivum\/2016\/20163\/\"  style=\"color:#ffffff;\">Check out our issue of 2016\/3 on our website!<\/a>\n<\/div>\n<p>&nbsp;<\/p>\n<h4>Content<\/h4>\n<p>SCENE<\/p>\n<p>Report from the Front \u2013 Aectivators. The Hungarian Exhibition of the Biennale in Venice \u2013 Gy\u00f6rgy Szeg\u0151<br \/>\nLandscape Architect of the Year Award 2016<br \/>\nMuseum of Ethnolography. Results of the Contest<\/p>\n<p>THEME<\/p>\n<p>Contours of Cultural Memory. St Ladislaus\u2019 National Memorial Site Visitors\u2019 Centre, Somogyv\u00e1r \u2013 Eszter Baku<br \/>\nHeadway. Sopron, the Reconstruction of the Castle District \u2013 Barnab\u00e1s Winkler<br \/>\nSlow-Down. Reconstruction of Sz\u00e9ll K\u00e1lm\u00e1n Square, Budapest \u2013 Eszter G\u00f6tz<br \/>\nMegf\u00fajt a Sz\u00e9ll\u2026 Jegyzetek az \u00faj Moszkva t\u00e9rr\u0151l \u2013 Zeke Gyula<br \/>\nMarket Hall \u2013 As a Communal Space. Reconstruction of the Hall in Klauz\u00e1l Square, Budapest \u2013 S\u00e1ndor Csont\u00f3<br \/>\nSigns of Renewal. Information Pavilion in K\u00e1lv\u00e1ria Square, Budapest \u2013 Mikl\u00f3s Okrutay<br \/>\nFat es in Shadows. Memorial of Forced Labourers in Teleki Square \u2013 H\u00e9di Szepes<br \/>\nCroissant from Bratislava. New Developments in Bratislava \u2013 Andr\u00e1s Borsos<br \/>\nFurnitecture. Hungarian Pavilion in Leipzig Book Fair \u2013 P\u00e9ter M\u00e1trai<br \/>\nRay in the Depth. NRHT Showroom, B\u00e1taap\u00e1ti \u2013 B\u00e1lint Botzheim<br \/>\nThe Strength of Stone. Remodelling of a Residential Building, Tihany \u2013 G\u00e1bor Kerner<\/p>\n<p>POST SCRIPTUM<\/p>\n<p>Promenadology. The Poetry of Walking in Urbanism \u2013 Tam\u00e1s Meggyesi<br \/>\nSilence. Tranquility in Contemporary Sacred Architecture \u2013 Istv\u00e1n Schneller<br \/>\nOeuvre-Care. Carlo Scarpa (1906\u20131978) a Decade after the Centennary \u2013 P\u00e9ter Klaniczay<br \/>\nHousing Estates in Towns. B\u00f6k\u00e9nyalj in Csongr\u00e1d \u2013 Regina Balla<br \/>\nPicture Postcard from Modra. Provincial regions in the 21st century \u2013 Julianna Szab\u00f3<br \/>\nSearching for Tools. Architectural Sustainability in Practice and Theory \u2013 Bence T\u00f6r\u00f6k<br \/>\nAdobe Workshop. How to approach adobe as a building material in a scientific way? \u2013 \u00c1d\u00e1m Bihari<\/p>\n<p>PLAN<\/p>\n<p>Luther Chapel, Pestszentl\u0151rinc \u2013 Andr\u00e1s Krizs\u00e1n<br \/>\nZaubergarten \u2013 Magic Garden, Family Kindergarten, Switzerland \u2013 Tam\u00e1s L\u00e9vay, \u00c1gnes J\u00f3szai<\/p>\n<p>PASSAGE<\/p>\n<p>Szemt\u0151l szemben. K\u00e9pek az elhurcolt szombathelyi zsid\u00f3s\u00e1g t\u00f6rt\u00e9net\u00e9b\u0151l \u2013 Szeg\u0151 Gy\u00f6rgy<br \/>\nA Monarchia formam\u0171v\u00e9szete \u2013 Szeg\u0151 Gy\u00f6rgy<br \/>\nRajzolt modern. Rudolf Weiss \u2013 Szeg\u0151 Gy\u00f6rgy<br \/>\nA Dun\u00e1n\u00e1l. A BME Doktori Iskola \u00e9vk\u00f6nyve \u2013 G\u00f6tz Eszter<br \/>\nV\u00e1mossy Ferenc: a 20. sz\u00e1zad magyar \u00e9p\u00edt\u00e9szete \u2013 G\u00f6tz Eszter<br \/>\nErnyey Gyula: Bozzay Dezs\u0151 \u00e9s p\u00e1lyat\u00e1rsai \u2013 G\u00f6tz Eszter<br \/>\nK\u00e1pr\u00e1zatos k\u00f6rnyezet\u00fcnk. Farkas Imre ki\u00e1ll\u00edt\u00e1sa \u2013 G\u00f6tz Eszter<br \/>\nK\u00f6z\u00f6ss\u00e9g\u00e9p\u00edt\u00e9szet. Jeney Lajos \u00e9letm\u0171-ki\u00e1ll\u00edt\u00e1s<br \/>\nMoholy-Nagy: Future Present \u2013 P\u00e1link\u00e1s Edit<\/p>\n<p>H\u00edrek, d\u00edjak, ki\u00e1ll\u00edt\u00e1sok, p\u00e1ly\u00e1zatok<br \/>\nLapsz\u00e1munk \u00e9p\u00edt\u00e9szei<br \/>\nLapsz\u00e1munk szerz\u0151i<\/p>\n","protected":false},"excerpt":{"rendered":"<p>Incl. VAT, Excl. <a href=\"http:\/\/webshop.meonline.hu\/szallitasi-dijak\/\">Shipping<\/a><\/p>\n","protected":false},"featured_media":176,"comment_status":"open","ping_status":"closed","template":"","meta":{"_et_pb_use_builder":"","_et_pb_old_content":"","_et_gb_content_width":""},"product_cat":[15,17],"product_tag":[],"_links":{"self":[{"href":"http:\/\/webshop.meonline.hu\/en\/wp-json\/wp\/v2\/product\/190"}],"collection":[{"href":"http:\/\/webshop.meonline.hu\/en\/wp-json\/wp\/v2\/product"}],"about":[{"href":"http:\/\/webshop.meonline.hu\/en\/wp-json\/wp\/v2\/types\/product"}],"replies":[{"embeddable":true,"href":"http:\/\/webshop.meonline.hu\/en\/wp-json\/wp\/v2\/comments?post=190"}],"wp:featuredmedia":[{"embeddable":true,"href":"http:\/\/webshop.meonline.hu\/en\/wp-json\/wp\/v2\/media\/176"}],"wp:attachment":[{"href":"http:\/\/webshop.meonline.hu\/en\/wp-json\/wp\/v2\/media?parent=190"}],"wp:term":[{"taxonomy":"product_cat","embeddable":true,"href":"http:\/\/webshop.meonline.hu\/en\/wp-json\/wp\/v2\/product_cat?post=190"},{"taxonomy":"product_tag","embeddable":true,"href":"http:\/\/webshop.meonline.hu\/en\/wp-json\/wp\/v2\/product_tag?post=190"}],"curies":[{"name":"wp","href":"https:\/\/api.w.org\/{rel}","templated":true}]}}