{"id":192,"date":"2017-03-13T15:10:02","date_gmt":"2017-03-15T15:10:02","guid":{"rendered":"http:\/\/webshop.meonline.hu\/product\/me-20165\/"},"modified":"2017-04-21T18:20:00","modified_gmt":"2017-04-21T18:20:00","slug":"me-20165","status":"publish","type":"product","link":"http:\/\/webshop.meonline.hu\/en\/termek\/me-20165\/","title":{"rendered":"M\u00c9 2016\/5"},"content":{"rendered":"<p>Hungarian Architecture 2016\/5<br \/>\n&nbsp;<\/p>\n<div class=\"tartalom\">\n   <a target=\"_blank\" href=\"http:\/\/meonline.hu\/en\/category\/archivum\/2016\/20165\/\"  style=\"color:#ffffff;\">Check out our issue of 2016\/5 on our website!<\/a>\n<\/div>\n<p>&nbsp;<\/p>\n<h4>Content<\/h4>\n<p>SCENE<\/p>\n<p>World Architecture Day 2016 \u2013 Design a Better World!<br \/>\nArchitecture and Ars Poetica. Exhibition by Ferenc T\u00f6r\u00f6k \u2013 Gy\u00f6rgy Szeg\u0151<\/p>\n<p>THEME<\/p>\n<p>A Magic Box. Fairy Tale Kindergarten, Budapest, Angyalf\u00f6ld \u2013 Mikl\u00f3s Okrutay<br \/>\nFinding an Equilibrium. University Clinic Centre, Oncotherapy Institute, P\u00e9cs \u2013 Zolt\u00e1n Schrammel<br \/>\nRespect for Traditions, Awareness and High-Standards. Reconstruction Project of R\u00e1k\u00f3czi-Aspremont Mansion in M\u00e1d \u2013 \u00c1gnes Kov\u00e1cs<br \/>\nOdyssey in Paks. Modernization and Extension of the Town Museum \u2013 B\u00e9la Ker\u00e9kgy\u00e1rt\u00f3<br \/>\nCivitas Invicta. Castle Museum, Visitors\u2019 Reception Building, Szigetv\u00e1r \u2013 Tam\u00e1s Ulrich<br \/>\nThe First Step of a Ladder. Crematory, Nagyt\u00e9t\u00e9ny \u2013 Szabolcs Bence T\u00f6r\u00f6k<br \/>\nCherry-tree Orchard Revisited. Eco-Tourism Visitors\u2019 Centre, Nagyk\u00f6r\u0171 \u2013 Eszter G\u00f6tz<br \/>\nBuilders of Belief. Wood Pellets Dry-Room, Monor \u2013 B\u00e1lint Marosi<br \/>\nThe Bow of a Thrown Ball. Gammel School extension, Hellerup, Denmark \u2013 Eszter G\u00f6tz<br \/>\nOpenings Almost Bizarre. Residential House, Debrecen \u2013 Attila K\u0151szeghy<br \/>\nMeasure and Scale. Dwelling-House, Szentendre \u2013 Eszter D\u00e9nes<\/p>\n<p>POST SCRIPTUM<\/p>\n<p>Smart City. City Planning under the Spell of Data \u2013 Levente Szczuka<br \/>\nSpace Architecture. Research into Border Zones \u2013 B\u00e1lint Botzheim<br \/>\nAquincum Sequences \u2013 Gyula Zeke<br \/>\nExhibition of Budapest University of Technology, Department of Public Building Design \u2013 P\u00e1l M\u00e1csai, Eszter G\u00f6tz<br \/>\nHenrieta Morav\u010d\u00edkov\u00e1: Friedrich Weinwurm Architect \u2013 Rudolf Klein<br \/>\nPreface to the exhibition of Ferenc T\u00f6r\u00f6k \u2013 Barnab\u00e1s Winkler<\/p>\n<p>PLAN<\/p>\n<p>Kar\u00e1tson G\u00e1bor Memorial. Home Museum, Budapest \u2013 P\u00e1l Somogyi<br \/>\nThe Workshop and Rehearsal Centre of the Hungarian State Opera, Budapest \u2013 Mikl\u00f3s Marosi<br \/>\nConcept Tender on the Rehabilitation of the Museum Gardens. Scheme by T\u00c9R-TEAM Ltd, First Prize \u2013 G\u00e1bor Szab\u00f3, Andr\u00e1s Szende, Krist\u00f3f Attila Juh\u00e1sz<\/p>\n<p>PASSAGE<\/p>\n<p>V\u00e1r-rekonstrukci\u00f3. A pr\u00e1gai v\u00e1r \u00e9s Ple\u010dnik, Ringturm, B\u00e9cs \u2013 Szeg\u0151 Gy\u00f6rgy<br \/>\nN\u00e9gy nap. Besz\u00e1mol\u00f3 az MMA \u00c9p\u00edt\u0151m\u0171v\u00e9szeti Tagozat\u00e1nak felvid\u00e9ki tanulm\u00e1ny\u00fatj\u00e1r\u00f3l \u2013 Tur\u00e1nyi G\u00e1bor<br \/>\nLaud\u00e1ci\u00f3 H\u00e4ider Andrea fot\u00f3m\u0171v\u00e9sz kit\u00fcntet\u00e9s\u00e9hez. Magyar \u00c9p\u00edt\u00e9szet\u00e9rt \u00c9rem 2016 \u2013 Finta J\u00f3zsef<br \/>\nMagyar \u00c9p\u00edt\u00e9szet\u00e9rt \u00c9rem 2016 \u2013 Finta J\u00f3zsef<br \/>\nMagyar Formatervez\u00e9si D\u00edj<br \/>\nElytra Filament Pavilon \u2013 Borsos Andr\u00e1s<\/p>\n<p>H\u00edrek, d\u00edjak, ki\u00e1ll\u00edt\u00e1sok, p\u00e1ly\u00e1zatok<\/p>\n<p>Lapsz\u00e1munk \u00e9p\u00edt\u00e9szei<br \/>\nLapsz\u00e1munk szerz\u0151i<\/p>\n","protected":false},"excerpt":{"rendered":"<p>Incl. VAT, Excl. <a href=\"http:\/\/webshop.meonline.hu\/szallitasi-dijak\/\">Shipping<\/a><\/p>\n","protected":false},"featured_media":174,"comment_status":"open","ping_status":"closed","template":"","meta":{"_et_pb_use_builder":"","_et_pb_old_content":"","_et_gb_content_width":""},"product_cat":[15,17],"product_tag":[],"_links":{"self":[{"href":"http:\/\/webshop.meonline.hu\/en\/wp-json\/wp\/v2\/product\/192"}],"collection":[{"href":"http:\/\/webshop.meonline.hu\/en\/wp-json\/wp\/v2\/product"}],"about":[{"href":"http:\/\/webshop.meonline.hu\/en\/wp-json\/wp\/v2\/types\/product"}],"replies":[{"embeddable":true,"href":"http:\/\/webshop.meonline.hu\/en\/wp-json\/wp\/v2\/comments?post=192"}],"wp:featuredmedia":[{"embeddable":true,"href":"http:\/\/webshop.meonline.hu\/en\/wp-json\/wp\/v2\/media\/174"}],"wp:attachment":[{"href":"http:\/\/webshop.meonline.hu\/en\/wp-json\/wp\/v2\/media?parent=192"}],"wp:term":[{"taxonomy":"product_cat","embeddable":true,"href":"http:\/\/webshop.meonline.hu\/en\/wp-json\/wp\/v2\/product_cat?post=192"},{"taxonomy":"product_tag","embeddable":true,"href":"http:\/\/webshop.meonline.hu\/en\/wp-json\/wp\/v2\/product_tag?post=192"}],"curies":[{"name":"wp","href":"https:\/\/api.w.org\/{rel}","templated":true}]}}