{"id":193,"date":"2017-03-14T15:01:42","date_gmt":"2017-03-15T15:01:42","guid":{"rendered":"http:\/\/webshop.meonline.hu\/product\/me-20166\/"},"modified":"2017-04-21T18:14:48","modified_gmt":"2017-04-21T18:14:48","slug":"me-20166","status":"publish","type":"product","link":"http:\/\/webshop.meonline.hu\/en\/termek\/me-20166\/","title":{"rendered":"M\u00c9 2016\/6"},"content":{"rendered":"<p>Hungarian Architecture 2016\/6<br \/>\n&nbsp;<\/p>\n<div class=\"tartalom\">\n   <a target=\"_blank\" href=\"http:\/\/meonline.hu\/en\/category\/archivum\/2016\/20166-2016\/\"  style=\"color:#ffffff;\">Check out our issue of 2016\/6 on our website!<\/a>\n<\/div>\n<p>&nbsp;<\/p>\n<h4>Content<\/h4>\n<p>SCENE<\/p>\n<p>Pro Architectura Award 2016<br \/>\nAn Attempt to Dialogues. M\u00c9SZ Evenings \u2013 Where are you heading, R\u00f3mai Riverbank? \u2013 Zsuzsa Beliczay<br \/>\nTo the Exhibition of Master School Grade No. XXIV. \u2013 Lajos Arn\u00f3th<\/p>\n<p>THEME<\/p>\n<p>A Reflection of Identity. CEU Building Extension, Budapest \u2013 Kriszti\u00e1n Dudics<br \/>\nThe Site of Ancestors. Rudapithecus Exhibition, Fels\u0151telekes \u2013 B\u00e1lint Botzheim<br \/>\nHarmony. Concert Hall, Pannonhalma \u2013 Edit P\u00e1link\u00e1s<br \/>\nLive Castle \u2013 F\u00fcz\u00e9r. Reconstruction of the Lower Castle and the Development of the Upper Castle \u2013 Szeg\u0151 Gy\u00f6rgy<br \/>\nPast to be Continued. Reconstruction of the Mediaeval Castle in Sz\u00e1szv\u00e1r \u2013 Mikl\u00f3s Okrutay<br \/>\nRetaking Dignity. The Reconstruction of the Main Building of the Archbishop\u2019s Palace, Eger \u2013 Anna Losonczy<br \/>\nHidden Beauty. Pest-Buda Hotel, Budapest \u2013 Eszter G\u00f6tz<br \/>\nLiving Simplicity. Exhibitions and Events House, Vill\u00e1ny \u2013 Gerg\u0151 Radev<br \/>\nMessage. Lookout Pavilion, Surrey, England \u2013 Eszter G\u00f6tz<br \/>\nSign in the Cornfield. Time Box Pavilions, C\u0103lug\u0103reni, Romania \u2013 Edit P\u00e1link\u00e1s<br \/>\nInterplay between Timelines. Cultural Palace, Blaj, Romania \u2013 Edit P\u00e1link\u00e1s<\/p>\n<p>POST SCRIPTUM<\/p>\n<p>Post Scriptum: 90 \u2013 B\u00e1lint Botzheim<br \/>\nItalian Brick in Debrecen. Jost Ferenc Oeuvre \u2013 J\u00e1nos T\u00e9rey<br \/>\nMemento. Commemoration Apropos of the G\u00f6d\u00f6ll\u0151 Holiday Home Complex by P\u00e9ter Kaffka \u2013 Endre Prakfalvi<br \/>\nTypological Parallels \u2013 Parallel Typologies \u2013 \u00c9va Lovra<br \/>\nA Photographer Amongst Architects. Daniel Schwartz and Urban-Think Tank \u2013 Csilla Herbszt, Bence Koml\u00f3si<br \/>\nA Garden of Eden in the Shadow of a Coup d\u2019\u00c9tat. Expo 2016 Gardening World Exhibition, Antalya \u2013 P\u00e1l L\u0151vei<br \/>\nA Dialogue Between Architecture and Interior Architecture. 19th Conference on Interior Architecture \u2013 L\u00e1szl\u00f3 Attila M\u00e1rton<\/p>\n<p>PLAN<\/p>\n<p>The Legend of Lake V\u00e1ti. SZIE Creative, 2016 \u2013 Szil\u00e1rd K\u00f6ninger, \u00c1d\u00e1m T\u00e1trai<br \/>\nBath for the Soul, Subotica. M\u00c9SZ\u2013M\u00c9K Diploma Award 2016 \u2013 \u00c1ron Lality<\/p>\n<p>PASSAGE<\/p>\n<p>Csak tiszta forr\u00e1sb\u00f3l: miel\u0151tt a p\u00e1va f\u00f6lsz\u00e1ll \u2013 Magyar P\u00e9ter<br \/>\nK\u00f3sa Zolt\u00e1n \u00e9p\u00edt\u00e9sz ki\u00e1ll\u00edt\u00e1sa, FUGA \u2013 Ferkai Andr\u00e1s<br \/>\nCseh \u00c9p\u00edt\u00e9szeti Nagyd\u00edj 2016 \u2013 Mik\u00f3 L\u00e1szl\u00f3<br \/>\nSz\u00e9plaky Gerda: Diverz\u00edv \u00e9p\u00edt\u00e9szet \u2013 G\u00f6tz Eszter<br \/>\nA tervez\u00e9s \u00fatveszt\u0151je. \u00c9p\u00edt\u00e9sz workshop k\u00f6z\u00e9piskol\u00e1soknak \u2013 Baku Eszter<br \/>\nDesignEuropa-d\u00edj 2016<\/p>\n<p>FAREWELL<\/p>\n<p>Kubinszky Mih\u00e1ly 1927\u20132016 \u2013 Winkler Barnab\u00e1s<\/p>\n<p>H\u00edrek, d\u00edjak, ki\u00e1ll\u00edt\u00e1sok, p\u00e1ly\u00e1zatok<\/p>\n<p>Lapsz\u00e1munk \u00e9p\u00edt\u00e9szei<br \/>\nLapsz\u00e1munk szerz\u0151i<\/p>\n","protected":false},"excerpt":{"rendered":"<p>Incl. VAT, Excl. <a href=\"http:\/\/webshop.meonline.hu\/szallitasi-dijak\/\">Shipping<\/a><\/p>\n","protected":false},"featured_media":173,"comment_status":"open","ping_status":"closed","template":"","meta":{"_et_pb_use_builder":"","_et_pb_old_content":"","_et_gb_content_width":""},"product_cat":[15,17],"product_tag":[],"_links":{"self":[{"href":"http:\/\/webshop.meonline.hu\/en\/wp-json\/wp\/v2\/product\/193"}],"collection":[{"href":"http:\/\/webshop.meonline.hu\/en\/wp-json\/wp\/v2\/product"}],"about":[{"href":"http:\/\/webshop.meonline.hu\/en\/wp-json\/wp\/v2\/types\/product"}],"replies":[{"embeddable":true,"href":"http:\/\/webshop.meonline.hu\/en\/wp-json\/wp\/v2\/comments?post=193"}],"wp:featuredmedia":[{"embeddable":true,"href":"http:\/\/webshop.meonline.hu\/en\/wp-json\/wp\/v2\/media\/173"}],"wp:attachment":[{"href":"http:\/\/webshop.meonline.hu\/en\/wp-json\/wp\/v2\/media?parent=193"}],"wp:term":[{"taxonomy":"product_cat","embeddable":true,"href":"http:\/\/webshop.meonline.hu\/en\/wp-json\/wp\/v2\/product_cat?post=193"},{"taxonomy":"product_tag","embeddable":true,"href":"http:\/\/webshop.meonline.hu\/en\/wp-json\/wp\/v2\/product_tag?post=193"}],"curies":[{"name":"wp","href":"https:\/\/api.w.org\/{rel}","templated":true}]}}