{"id":327,"date":"2017-05-18T07:37:22","date_gmt":"2017-05-18T07:37:22","guid":{"rendered":"http:\/\/webshop.meonline.hu\/en\/product\/me-20171-masolat\/"},"modified":"2017-05-18T08:32:23","modified_gmt":"2017-05-18T08:32:23","slug":"me-20172","status":"publish","type":"product","link":"http:\/\/webshop.meonline.hu\/en\/termek\/me-20172\/","title":{"rendered":"M\u00c9 2017\/2"},"content":{"rendered":"<p>Hungarian Architecture 2017\/2<\/p>\n<div class=\"tartalom\"><a style=\"color: #ffffff;\" href=\"http:\/\/meonline.hu\/en\/category\/archivum\/2017\/20172\/\" target=\"_blank\">Check out our issue of 2017\/2 on our website!<\/a><\/div>\n<p>&nbsp;<\/p>\n<h4>Content<\/h4>\n<p>SCENE<\/p>\n<p>Prizes Awarded by the Hungarian State, March 15th, 2017<br \/>\nBrand New Ideas. 14th International Architects\u2019 Congress, 2017 \u2013 Gy\u00f6rgy Szeg\u0151, B\u00e1lint Botzheim<br \/>\nPrivate Spheres and Public Affairs. 9th Film Festival of Architecture \u2013 Eszter G\u00f6tz<\/p>\n<p>THEME<\/p>\n<p>Moving out from the Castle. MTA Research Centre of Arts and Social Sciences,<br \/>\nBudapest \u2013 Anna Sz\u00f6v\u00e9nyi<br \/>\nSta dium-Feeling Enclosed in a Capsule. MTK Stadium, Budapest \u2013 D\u00e1vid B\u00e1n<br \/>\nSimply and Elegantly. Local Government and Customer Centre, Budapest, K\u0151b\u00e1nya \u2013 M\u00e1ria Tatai<br \/>\nStaying in the village scale. Day Nursery, Nagykov\u00e1csi \u2013 \u00c1gnes Bechtold<br \/>\nArchitecture in a Borderline Situation. ArtKazal, M\u00f3rahalom \u2013 Anett Mizsei<br \/>\nThe Chocolate Odour of a Sugar Store. Cyclists\u2019 Tourism Centre and Local History Museum,<br \/>\nSzerencs \u2013 Ivett Mad\u00e1r<br \/>\nPast salvaged into the future. Reconstruction Project of Degenfeld-Schonburg Castle, T\u00e9gl\u00e1s \u2013 G\u00e1bor Nagy<br \/>\nPerspectives of Faith. The Development of the Surroundings of the Pilgrims\u2019 Church,<br \/>\nM\u00e1riap\u00f3cs \u2013 B\u00e1lint Botzheim<br \/>\nI\u2019ll be a Pilot. Rept\u00e1r, Museum of Military Aircrafts, Szolnok \u2013 Mikl\u00f3s Okrutay<br \/>\nRenewed memory. National Museum\u2019s Dialogue Centre, Szczecin \u2013 Edit P\u00e1link\u00e1s<br \/>\nPOST SCRIPTUM<\/p>\n<p>Samples and Images. On Hungarian church architecture with Ferenc T\u00f6r\u00f6k, aged 80<br \/>\n\u2013 Zot\u00e1n Vukosz\u00e1vlyev, Gr\u00e9ta Garai<br \/>\nA Socialist Spectacle? Definition of the Memory. Symbols of socialist realism \u2013 S\u00e1ndor Hornyik<br \/>\n20 Years of Budapest Club. Conference at the Hungarian Academy of Sciences \u2013 Iv\u00e1n Vit\u00e1nyi<br \/>\nCommunity and Architecture. Complex Designing Approaches \u2013 Katalin Fazekas<br \/>\nCommunity Workshops. Fablabs and Fab10 Festival, Barcelona \u2013 B\u00e1lint Botzheim<br \/>\nThe Inexpressible, the Intangible (Space) and Sacred Architecture \u2013 Istv\u00e1n Schneller<br \/>\nIn Three Stages. A Brief Survey, Budapest, 2016 \u2013 G\u00e1bor Nagy<\/p>\n<p>PLAN<\/p>\n<p>Wind-Blown Icon. Auditorium, Riga \u2013 P\u00e9ter Magyar<br \/>\nMonostor Mill, P\u00e1szt\u00f3. M\u00c9K-M\u00c9SZ Diploma Award \u2013 Bianka Varga<\/p>\n<p>PASSAGE<\/p>\n<p>Kaesz Gyula-ki\u00e1ll\u00edt\u00e1s, FUGA, 06. 08. \u2013 06. 25. \u2013 Malustyik Mariann<br \/>\nK\u00e9t \u00e9p\u00edt\u00e9szeti ki\u00e1ll\u00edt\u00e1s B\u00e9csben \u2013 Szeg\u0151 Gy\u00f6rgy<br \/>\n\u00c9p\u00edt\u00e9szet &#038; oktat\u00e1s. BME \u00c9p\u00edt\u0151m\u0171v\u00e9szeti Doktori Iskola \u2013 G\u00f6tz Eszter<br \/>\nBudapest100. Nyitott h\u00e1zak a Duna-parton Tettek ideje. Lakhat\u00e1si mozgalmak a 20. sz\u00e1zadban, Kass\u00e1k M\u00fazeum, 01. 26. \u2013 04. 02.<br \/>\nPusztai L\u00e1szl\u00f3 m\u0171v\u00e9szett\u00f6rt\u00e9n\u00e9sz 1944\u20132017 \u2013 Hadik Andr\u00e1s <\/p>\n<p>H\u00edrek, d\u00edjak, ki\u00e1ll\u00edt\u00e1sok, p\u00e1ly\u00e1zatok<br \/>\nLapsz\u00e1munk \u00e9p\u00edt\u00e9szei<br \/>\nLapsz\u00e1munk szerz\u0151i<\/p>\n","protected":false},"excerpt":{"rendered":"<p>Incl. VAT, Excl. <a href=\"http:\/\/webshop.meonline.hu\/szallitasi-dijak\/\">Shipping<\/a><\/p>\n","protected":false},"featured_media":329,"comment_status":"open","ping_status":"closed","template":"","meta":{"_et_pb_use_builder":"","_et_pb_old_content":"","_et_gb_content_width":""},"product_cat":[16,17],"product_tag":[],"_links":{"self":[{"href":"http:\/\/webshop.meonline.hu\/en\/wp-json\/wp\/v2\/product\/327"}],"collection":[{"href":"http:\/\/webshop.meonline.hu\/en\/wp-json\/wp\/v2\/product"}],"about":[{"href":"http:\/\/webshop.meonline.hu\/en\/wp-json\/wp\/v2\/types\/product"}],"replies":[{"embeddable":true,"href":"http:\/\/webshop.meonline.hu\/en\/wp-json\/wp\/v2\/comments?post=327"}],"wp:featuredmedia":[{"embeddable":true,"href":"http:\/\/webshop.meonline.hu\/en\/wp-json\/wp\/v2\/media\/329"}],"wp:attachment":[{"href":"http:\/\/webshop.meonline.hu\/en\/wp-json\/wp\/v2\/media?parent=327"}],"wp:term":[{"taxonomy":"product_cat","embeddable":true,"href":"http:\/\/webshop.meonline.hu\/en\/wp-json\/wp\/v2\/product_cat?post=327"},{"taxonomy":"product_tag","embeddable":true,"href":"http:\/\/webshop.meonline.hu\/en\/wp-json\/wp\/v2\/product_tag?post=327"}],"curies":[{"name":"wp","href":"https:\/\/api.w.org\/{rel}","templated":true}]}}