{"id":388,"date":"2017-07-14T08:00:45","date_gmt":"2017-07-14T08:00:46","guid":{"rendered":"http:\/\/webshop.meonline.hu\/en\/product\/me-20172-masolat\/"},"modified":"2017-07-14T08:09:35","modified_gmt":"2017-07-14T08:09:35","slug":"me-20173","status":"publish","type":"product","link":"http:\/\/webshop.meonline.hu\/en\/termek\/me-20173\/","title":{"rendered":"M\u00c9 2017\/3"},"content":{"rendered":"<p>Hungarian Architecture 2017\/3<\/p>\n<div class=\"tartalom\"><a style=\"color: #ffffff;\" href=\"http:\/\/meonline.hu\/en\/category\/archivum\/2017\/20173\/\" target=\"_blank\">Check out our issue of 2017\/3 on our website!<\/a><\/div>\n<p>&nbsp;<\/p>\n<h4>Content<\/h4>\n<p>SCENE<\/p>\n<p>The Annual Meeting of the Association of Hungarian Architects. House of Architects, 29. 05.  2017 \u2013 Eszter G\u00f6tz<br \/>\nPeace for the World. 57th International Art Biennale Venice, Hungarian pavilion, 13. 05 \u2013 26 11. 2017 \u2013 Gy\u00f6rgy Szeg\u0151<br \/>\nLandscape Architect of the Year Award 2017. FUGA Centre, 26. 04. 2017<\/p>\n<p>THEME<\/p>\n<p>An Icon on the Danube Bank. Duna Ar\u00e9na, Budapest \u2013 B\u00e1lint Botzheim<br \/>\nGreen Way to the Swimming Arena. Dag\u00e1ly Avenue, Budapest \u2013 Eszter G\u00f6tz<br \/>\nThe Memory of Large Fish. Sculpture Installation by the Danube, July-November 2017 \u2013 Eszter G\u00f6tz<br \/>\nThe Coolest Venue. Gerilla Barbecue Project, Budapest \u2013 Eszter G\u00f6tz<br \/>\nWhere from, Where to. NOKIA Skypark Office Centre, Budapest\t\u2013 Gy\u00f6rgy Szeg\u0151<br \/>\nGreen Identity. Administration Centre, Szigetszentmikl\u00f3s \u2013 Marianna Ber\u00e9nyi<br \/>\nThrough the Wall. Intermodal Junction, \u0150rmez\u0151 \u2013 Anett Mizsei<br \/>\nAn Optimized Shape-Transformer. Energy House, Paks \u2013 D\u00e1vid B\u00e1n<br \/>\nA Block of Flats, Two Decades, Three Buildings. Barbak\u00e1n 3, P\u00e9cs \u2013 Zolt\u00e1n Bencze<br \/>\nEssence Newly Found. The Reconstruction of Dessewffy Castle, Tolcsva \u2013 B\u00e1lint Botzheim<br \/>\nHarmony Restored. Batthy\u00e1ny Heritage Centre, K\u00f6rmend \u2013 Eszter G\u00f6tz<br \/>\nBird&#8217;s-eye View. Footbridge, \u017dilina, Slovakia \u2013 Eszter G\u00f6tz<br \/>\nElegant and Casual. Elbphilharmonie, Hamburg \u2013 Edit P\u00e1link\u00e1s<\/p>\n<p>POST SCRIPTUM<\/p>\n<p>Reformation 500. The Traces the Memorial Year of Reformation Left on the Townscape \u2013 Eszter G\u00f6tz<br \/>\nFollowing Forms or Innovation? Architecture of the Reformed in Hungary from the Turn of the Century to the Change of the Political Regime \u2013 Zor\u00e1n Vukosz\u00e1vlyev, Erzs\u00e9bet Urb\u00e1n, D\u00f3ra Danielisz, Eszter Baku<br \/>\nArchitectural Syntheses. B\u00e9la Lajta\u2019s Funeral Art \u2013 Tam\u00e1s Kiss<br \/>\nSustainability to be Reinterpreted. The Four Pillars \u2013 Melinda Benk\u0151<br \/>\nThe Owner of the First Degree in Architecture from the Budapest University of Technology.<br \/>\nIstv\u00e1n Kiss Born 160 Ago \u2013 Tam\u00e1s L\u00e1szl\u00f3 P\u00e1pai<\/p>\n<p>PLAN<\/p>\n<p>The Goal Tower of the Rowing Course Design Contest \u2013 First Prize: Bivak<br \/>\nDesigns of the Thermal Baths, Soltvadkert \u2013 Izolda Font<\/p>\n<p>PASSAGE<\/p>\n<p>Lechner \u00f6sszes: 12 telep\u00fcl\u00e9s, 36 \u00e9p\u00fclet \u2013 Tatai M\u00e1ria<br \/>\nA sz\u00e1z\u00e9ves h\u00e1zak \u00fcnnep\u00e9n a rakpart\u00e9 a f\u0151szerep. Budapest 100, 2017 \u2013 Fazekas Zsuzsa<br \/>\nK\u00f6r\u00fcl\u00f6tt\u00fcnk. Ipar- \u00e9s tervez\u0151m\u0171v\u00e9szet. Nemzeti Szalon 2017, M\u0171csarnok \u2013 Ulrich Tam\u00e1s<br \/>\nA negyedik elem. Edward Burtynsky: Wasser. KunstHaus Wien \u2013 Z\u00f6ldi Anna<br \/>\nVito Acconci (1940\u20132017<br \/>\nFA 40. A Pr\u00e1gai \u00c9p\u00edt\u00e9szkar ki\u00e1ll\u00edt\u00e1sa a M\u00c9SZ K\u00f3s K\u00e1roly term\u00e9ben \u2013 P\u00e1link\u00e1s Edit<br \/>\nGegesy Ferenc: Rend \u00e9s rendszer. H\u00fasz \u00e9v polg\u00e1rmesteri sz\u00e9kben \u2013 G\u00f6tz Eszter<\/p>\n","protected":false},"excerpt":{"rendered":"<p>Incl. VAT, Excl. <a href=\"http:\/\/webshop.meonline.hu\/szallitasi-dijak\/\">Shipping<\/a><\/p>\n","protected":false},"featured_media":390,"comment_status":"open","ping_status":"closed","template":"","meta":{"_et_pb_use_builder":"","_et_pb_old_content":"","_et_gb_content_width":""},"product_cat":[16,17],"product_tag":[],"_links":{"self":[{"href":"http:\/\/webshop.meonline.hu\/en\/wp-json\/wp\/v2\/product\/388"}],"collection":[{"href":"http:\/\/webshop.meonline.hu\/en\/wp-json\/wp\/v2\/product"}],"about":[{"href":"http:\/\/webshop.meonline.hu\/en\/wp-json\/wp\/v2\/types\/product"}],"replies":[{"embeddable":true,"href":"http:\/\/webshop.meonline.hu\/en\/wp-json\/wp\/v2\/comments?post=388"}],"wp:featuredmedia":[{"embeddable":true,"href":"http:\/\/webshop.meonline.hu\/en\/wp-json\/wp\/v2\/media\/390"}],"wp:attachment":[{"href":"http:\/\/webshop.meonline.hu\/en\/wp-json\/wp\/v2\/media?parent=388"}],"wp:term":[{"taxonomy":"product_cat","embeddable":true,"href":"http:\/\/webshop.meonline.hu\/en\/wp-json\/wp\/v2\/product_cat?post=388"},{"taxonomy":"product_tag","embeddable":true,"href":"http:\/\/webshop.meonline.hu\/en\/wp-json\/wp\/v2\/product_tag?post=388"}],"curies":[{"name":"wp","href":"https:\/\/api.w.org\/{rel}","templated":true}]}}