{"id":404,"date":"2017-09-27T09:42:08","date_gmt":"2017-09-27T09:42:08","guid":{"rendered":"http:\/\/webshop.meonline.hu\/en\/product\/me-20173-masolat\/"},"modified":"2017-09-27T09:56:00","modified_gmt":"2017-09-27T09:56:00","slug":"me-20174","status":"publish","type":"product","link":"http:\/\/webshop.meonline.hu\/en\/termek\/me-20174\/","title":{"rendered":"M\u00c9 2017\/4"},"content":{"rendered":"<p>Hungarian Architecture 2017\/4<\/p>\n<div class=\"tartalom\"><a style=\"color: #ffffff;\" href=\"http:\/\/meonline.hu\/en\/category\/archivum\/2017\/20174\/\" target=\"_blank\">Check out our issue of 2017\/4 on our website!<\/a><\/div>\n<p>&nbsp;<\/p>\n<h4>Content<\/h4>\n<p>SCENE<\/p>\n<p>The National Alternative of the Modern. An Introduction to the Memorial Issue Devoted to<br \/>\nIstv\u00e1n Medgyaszay \u2013 Gy\u00f6rgy Szeg\u0151<br \/>\nSt George Square and Grand Square, Design Contest<\/p>\n<p>THEME<\/p>\n<p>The Interaction between Light and Material. ELI-ALPS Research Centre, Szeged \u2013 Anett Mizsei<br \/>\nThe Image-Arc(h) Building of the Information Park. The New Office Building of Graphisoft Park,<br \/>\n\u00d3buda \u2013 M\u00e1ria Tatai<br \/>\nAn Authentic Reinterpretation. Reconstruction of Palatinus Baths, Budapest \u2013 Mikl\u00f3s Okrutay<br \/>\nValues and Scales. The Reconstruction of Szirmay-Waldbott Mansion in Tolcsva \u2013 Rita Tuczai<br \/>\nAn Industrial Joy-Play. Ship Service Building, Gy\u0151r-G\u00f6ny\u0171 National Harbor \u2013 B\u00e1lint Botzheim<br \/>\nRational Common Sense Logic of Construction. Dwelling house, Piliscsaba \u2013 Tam\u00e1s Kiss<br \/>\nEvery End is a New Beginning. Hello Wood Village Project is Over \u2013 Edit P\u00e1link\u00e1s<br \/>\nArt of Balance. Rebuilding R\u00e5n\u00e5sfoss Hydroelectric Power Station, Norway \u2013 Eszter G\u00f6tz<\/p>\n<p>POST SCRIPTUM<\/p>\n<p>Istv\u00e1n Medgyaszay Memorial Conference and Exhibition, Pesti Vigad\u00f3<br \/>\nReinforced Concrete and Szekler Gate. Modernism and Identity in the Architecture of<br \/>\nIstv\u00e1n Medgyaszay \u2013 \u00c1kos Morav\u00e1nszky<br \/>\nArchitecture and Ornamentation in the Oeuvre of Istv\u00e1n Medgyaszay \u2013 Ferenc Potzner<br \/>\nAn Artistic Form of Reinforced Concrete, 1908 \u2013 Istv\u00e1n Medgyaszay<br \/>\nA Long-Forgotten House by Istv\u00e1n Medgyaszay in the Civil Servants\u2019 Housing Estate \u2013 Eszter Baldav\u00e1ri<br \/>\nSample Tracking. A pseudo-Medgyaszay House in Buda \u2013 Ren\u00e1ta Herczeg, Endre Prakfalvi<br \/>\nMemorial House and Archives. Istv\u00e1n Medgyaszay\u2019s Dwelling-House on Gell\u00e9rt Hill \u2013 Eszter G\u00f6tz<br \/>\nIstv\u00e1n Medgyaszay 1877\u20131959. Memorial Exhibition<\/p>\n<p>PLAN<\/p>\n<p>New Budapest Velodrom. Winners of the Design Contest<\/p>\n<p>PASSAGE<\/p>\n<p>Retro-perspekt\u00edva. A Jabornegg &#038; P\u00e1lffy \u00e9p\u00edt\u00e9sziroda ki\u00e1ll\u00edt\u00e1sa, Altenburg ap\u00e1ts\u00e1g \u2013 G\u00f6tz Eszter<br \/>\nHeller G\u00e9za brazil szemmel. Egy k\u00e9pz\u0151m\u0171v\u00e9sz \u00e9p\u00edt\u00e9sz \u2013 Maria Clara Rada<br \/>\nT\u00f6bb, mint lakni. Egy\u00fctt \u2013 a k\u00f6z\u00f6ss\u00e9g \u00faj \u00e9p\u00edt\u00e9szete, Vitra Design M\u00fazeum \u2013 Szeg\u0151 Gy\u00f6rgy<br \/>\nCsonka P\u00e1l \u00e9rem 2017<br \/>\nMagyarorsz\u00e1g, a hossz\u00fa 60-as \u00e9vek \u00e9p\u00edt\u00e9szete. Ki\u00e1ll\u00edt\u00e1s \u00e9s kerekasztal-besz\u00e9lget\u00e9s<br \/>\nEchoes. A finn \u00e9p\u00edt\u00e9szet \u00e9s formatervez\u00e9s 100 \u00e9ve, FUGA K\u00f6z\u00e9p\u00fcletek k\u00f6zvetlen k\u00f6zels\u00e9gben. BME, 2017 \u2013 G\u00f6tz Eszter<br \/>\nSebasti\u00e3o Salgado: Genesis, M\u0171csarnok<br \/>\nBraz\u00edliav\u00e1ros \u00e9p\u00edt\u00e9szete k\u00e9t n\u00e9z\u0151pontb\u00f3l. Fot\u00f3ki\u00e1ll\u00edt\u00e1s, FUGA <\/p>\n<p>FAREWELL<\/p>\n<p>Sz\u00edv \u00e9s \u00e9sz, k\u00f6z\u00f6ss\u00e9g \u00e9s szolg\u00e1lat. Arn\u00f3th Lajos (1929\u20132017) \u2013 Sulyok Mikl\u00f3s<br \/>\nIn memoriam Litwin J\u00f3zsef 1953\u20132017 \u2013 Pirity Attila<br \/>\nMarosi B\u00e1lint (1970\u20132017) <\/p>\n","protected":false},"excerpt":{"rendered":"<p>Incl. VAT, Excl. <a href=\"http:\/\/webshop.meonline.hu\/szallitasi-dijak\/\">Shipping<\/a><\/p>\n","protected":false},"featured_media":406,"comment_status":"open","ping_status":"closed","template":"","meta":{"_et_pb_use_builder":"","_et_pb_old_content":"","_et_gb_content_width":""},"product_cat":[16,17],"product_tag":[],"_links":{"self":[{"href":"http:\/\/webshop.meonline.hu\/en\/wp-json\/wp\/v2\/product\/404"}],"collection":[{"href":"http:\/\/webshop.meonline.hu\/en\/wp-json\/wp\/v2\/product"}],"about":[{"href":"http:\/\/webshop.meonline.hu\/en\/wp-json\/wp\/v2\/types\/product"}],"replies":[{"embeddable":true,"href":"http:\/\/webshop.meonline.hu\/en\/wp-json\/wp\/v2\/comments?post=404"}],"wp:featuredmedia":[{"embeddable":true,"href":"http:\/\/webshop.meonline.hu\/en\/wp-json\/wp\/v2\/media\/406"}],"wp:attachment":[{"href":"http:\/\/webshop.meonline.hu\/en\/wp-json\/wp\/v2\/media?parent=404"}],"wp:term":[{"taxonomy":"product_cat","embeddable":true,"href":"http:\/\/webshop.meonline.hu\/en\/wp-json\/wp\/v2\/product_cat?post=404"},{"taxonomy":"product_tag","embeddable":true,"href":"http:\/\/webshop.meonline.hu\/en\/wp-json\/wp\/v2\/product_tag?post=404"}],"curies":[{"name":"wp","href":"https:\/\/api.w.org\/{rel}","templated":true}]}}