{"id":443,"date":"2017-12-25T21:05:40","date_gmt":"2017-12-25T21:16:06","guid":{"rendered":"http:\/\/webshop.meonline.hu\/?post_type=product&#038;p=443\/"},"modified":"2022-01-16T16:03:57","modified_gmt":"2022-01-16T16:03:57","slug":"20175","status":"publish","type":"product","link":"http:\/\/webshop.meonline.hu\/en\/termek\/20175\/","title":{"rendered":"M\u00c9 2017\/5"},"content":{"rendered":"<p>Hungarian Architecture 2017\/5<\/p>\n<div class=\"tartalom\"><a style=\"color: #ffffff;\" href=\"http:\/\/meonline.hu\/en\/category\/archivum\/2017\/20175\/\" target=\"_blank\">Check out our issue of 2017\/5 on our website!<\/a><\/div>\n<p>&nbsp;<\/p>\n<h4>Content<\/h4>\n<p>ARCHITECTURAL PHOTOGRAPHY AWARD 2017 <\/p>\n<p>Here We Are: Competition Call<br \/>\nIntroduction of the Jury<br \/>\nThe Evaluation of the Competition<br \/>\nWinner of Professional Category<br \/>\nShortlist of Professional Category<br \/>\nWinner of Open Category<br \/>\nShortlist of Open Category<br \/>\nAHA\u2013M\u00c9 Certificate of Merit<\/p>\n<p>UTOIRAT<\/p>\n<p>Overall situation of architectural photography. Survey question for jurors of the awards<br \/>\nWhat Did Our Predecessors Know? Urban Photos by Gy\u00f6rgy Kl\u00f6sz and Architectural Photography \u2013 Kl\u00e1ra Szarka<br \/>\nInformative Image. Architectural Photo as a Visual Tool for Information Flow in the Architecture of the Interwar Period \u2013 \u00c1gnes Anna Sebesty\u00e9n<br \/>\nDirect Experience. Forming an Image about the Architecture of Communities \u2013 Krisztina Somogyi<br \/>\nFrom Gy\u00f6rgy Kl\u00f6sz to the Museum of Fine Arts \u2013 P\u00e9ter Baki<br \/>\nImages of Generating Desire \u2013 Judit Gell\u00e9r<\/p>\n<p>SCENE<\/p>\n<p>World Day of Architecture in M\u00c9SZ, 2017 \u2013 Eszter G\u00f6tz<br \/>\nLiberty Bridge \u2013 New Urban Horizons. 16th International Architecture Exhibition, Venice, competition for Hungarian exhibition<br \/>\nSoul of Seoul. The UIA Congress and its XX VIIth General Assembly, Seoul, Korea \u2013 Andr\u00e1s Krizs\u00e1n, L\u00e1szl\u00f3 Mik\u00f3<\/p>\n<p>FAREWELL<\/p>\n<p>V\u00e1mos Dominika 1963\u20132017 \u2013 G\u00f6tz Eszter<br \/>\nP\u00e1sztor Erika Katalina 1961\u20132017 \u2013 Mizsei Anett<\/p>\n<p>PLAN<\/p>\n<p>The Mill on the Old Lake Regional Camp and Eco-Centre, Veresegyh\u00e1z. M\u00c9SZ-M\u00c9K Diploma Award 2017 \u2013 Merc\u00e9desz Erika Nagy<br \/>\nBudapest Athletics Stadium. Results of the Design Contest<\/p>\n<p>PASSAGE<\/p>\n<p>A m\u00e9lt\u00f3s\u00e1g kr\u00f3nik\u00e1sa Korniss P\u00e9ter: Folyamatos eml\u00e9kezet, MNG \u2013 Szeg\u0151 Gy\u00f6rgy<br \/>\nFrau Architekt. N\u0151k az \u00e9p\u00edt\u00e9szetben sz\u00e1z \u00e9ve. DAM, Frankfurt \u2013 G\u00f6tz Eszter<br \/>\nHat\u00e1rok. Eur\u00f3pai \u00c9p\u00edt\u00e9szeti Fot\u00f3p\u00e1ly\u00e1zat 2017 DAM, Frankfurt \u2013 G\u00f6tz Eszter<br \/>\nSony World Photography Award 2017. Az \u00e9p\u00edt\u00e9szeti kateg\u00f3ria nyertesei \u2013 G\u00f6tz Eszter<br \/>\nA V\u00e9gtelen gy\u00f6kerei. Magyar P\u00e9ter t\u00e9rrajzai. M\u0171csarnok<br \/>\nDesign H\u00e9t 2017. Budapest<\/p>\n","protected":false},"excerpt":{"rendered":"<p>Incl. VAT, Excl. <a href=\"http:\/\/webshop.meonline.hu\/szallitasi-dijak\/\">Shipping<\/a><\/p>\n","protected":false},"featured_media":441,"comment_status":"open","ping_status":"closed","template":"","meta":{"_et_pb_use_builder":"","_et_pb_old_content":"","_et_gb_content_width":""},"product_cat":[16,17],"product_tag":[],"_links":{"self":[{"href":"http:\/\/webshop.meonline.hu\/en\/wp-json\/wp\/v2\/product\/443"}],"collection":[{"href":"http:\/\/webshop.meonline.hu\/en\/wp-json\/wp\/v2\/product"}],"about":[{"href":"http:\/\/webshop.meonline.hu\/en\/wp-json\/wp\/v2\/types\/product"}],"replies":[{"embeddable":true,"href":"http:\/\/webshop.meonline.hu\/en\/wp-json\/wp\/v2\/comments?post=443"}],"wp:featuredmedia":[{"embeddable":true,"href":"http:\/\/webshop.meonline.hu\/en\/wp-json\/wp\/v2\/media\/441"}],"wp:attachment":[{"href":"http:\/\/webshop.meonline.hu\/en\/wp-json\/wp\/v2\/media?parent=443"}],"wp:term":[{"taxonomy":"product_cat","embeddable":true,"href":"http:\/\/webshop.meonline.hu\/en\/wp-json\/wp\/v2\/product_cat?post=443"},{"taxonomy":"product_tag","embeddable":true,"href":"http:\/\/webshop.meonline.hu\/en\/wp-json\/wp\/v2\/product_tag?post=443"}],"curies":[{"name":"wp","href":"https:\/\/api.w.org\/{rel}","templated":true}]}}