{"id":460,"date":"2018-02-26T13:02:06","date_gmt":"2018-02-26T13:02:06","guid":{"rendered":"http:\/\/webshop.meonline.hu\/en\/product\/20175-masolat\/"},"modified":"2018-03-27T13:05:14","modified_gmt":"2018-03-27T13:05:14","slug":"me-20176","status":"publish","type":"product","link":"http:\/\/webshop.meonline.hu\/en\/termek\/me-20176\/","title":{"rendered":"M\u00c9 2017\/6"},"content":{"rendered":"<p>Hungarian Architecture 2017\/6<\/p>\n<div class=\"tartalom\"><a style=\"color: #ffffff;\" href=\"http:\/\/meonline.hu\/en\/category\/archivum\/2017\/20176\/\" target=\"_blank\">Check out our issue of 2017\/6 on our website!<\/a><\/div>\n<p>&nbsp;<\/p>\n<h4>Content<\/h4>\n<p>SCENE<\/p>\n<p>Architecture as a Social Value. Pro Architectura Award, M\u00e9dia Architectural Prize, Budapest Architecture Award, Silver Pencil Award \u2013 Eszter G\u00f6tz<br \/>\nArchitectural Photography Award 2017. Award-giving ceremony in Kunsthalle, Budapest and exhibition in the K\u00f3s K\u00e1roly hall of AHA \u2013 Edit P\u00e1link\u00e1s<br \/>\nHungarian Academy of Science Agrarian Research Block, Martonv\u00e1s\u00e1r. Results of the Design Contest<\/p>\n<p>THEME<\/p>\n<p>Natural Behaviour. Municipal Swimming Pool, Balatonf\u00fcred \u2013 S\u00e1ndor P\u00e1lfy<br \/>\nMomentum Rules. P\u00e9terfia Corner, Debrecen \u2013 Szabolcs Bence T\u00f6r\u00f6k<br \/>\nHigh-Standard Renewal Without Complexity. Railway Station Reconstruction, Kaposv\u00e1r \u2013 D\u00e1vid B\u00e1n<br \/>\nA Message Understood. The Reconstruction of the Railway Station in Keszthely \u2013 Mikl\u00f3s Okrutay<br \/>\n\u201eIt rings a bit in its dream\u201d. Tram Garage, Budafok \u2013 Zolt\u00e1n Dragon<br \/>\nIntegral Continuity. Rabbi House, M\u00e1d \u2013 Tam\u00e1s Kiss<br \/>\nParadise Found. Artists\u2019 Houses, S\u00f8rv\u00e6r, Norway \u2013 Anett Mizsei<br \/>\nWithin a Rational Framework. Portus Home Guesthouse, D\u00f6rgicse \u2013 T\u00edmea Papp<br \/>\nTo Preserve and Move On. The Reconstruction of the Community House of Hungarian Calvinists in Ko\u0161ice (SK) \u2013 P\u00e9ter P\u00e1sztor<\/p>\n<p>UTOIRAT<\/p>\n<p>The Container \u2013 Hannes B\u00f6hringer<br \/>\nIn a New Period. The Edited Version of a Comment Contributing to a Conference \u2013 Gy\u00f6rgy Tasn\u00e1di<br \/>\n&#8230;and who remembers that yellow bench in the garden? Eco-design, new paradigm? \u2013 J\u00f3zsef Zalav\u00e1ri<br \/>\nEast-West Passages. Towards an Integral History of Post-War Architecture in Europe \u2013 B\u00e9la Ker\u00e9kgy\u00e1rt\u00f3<br \/>\nMetaphors in Architecture and Urbanism. An Introduction \u2013 D\u00e1niel Veress<br \/>\nTo Build Without Frontiers or how a painter\u2019s canvas turns into a universal building component \u2013 Vilmos Katona<br \/>\nGlobal Sphere: A World Exhibition in Kazakhstan \u2013 P\u00e1l L\u0151vei<br \/>\nArchitectural Education and Research in Norway Through the Eyes of a Hungarian. Study Tour of the<br \/>\nArchitectural Doctoral School in Norway \u2013 Eszter Baku, \u00c9va Bedecs-Varga, Kata Palicz<br \/>\nV\u00e1g\u00f3 140 \u2013 Schiffer 150 Architectural History Conference \u2013 Zsuzsanna Ordasi<\/p>\n<p>PLAN<\/p>\n<p>Meder Restaurant and Vegetable Garden. M\u00c9SZ-M\u00c9K Diploma Award, 2017 \u2013 J\u00falia Aleksi\u0107<br \/>\nMill-Music House, Sz\u00e9kesfeh\u00e9rv\u00e1r. M\u00c9SZ\u2013M\u00c9K Diploma Award, 2017 \u2013 L\u00e1szl\u00f3 Rentka<\/p>\n<p>PASSAGE<\/p>\n<p>\u201eA nagys\u00e1gos asszony \u00fczeni az elvt\u00e1rsn\u0151nek\u201d. A hossz\u00fa hatvanas \u00e9vek magyarorsz\u00e1gi \u00e9p\u00edt\u00e9szete &#8211; L\u0151vei P\u00e1l<br \/>\nK\u00e9t k\u00f6nyv az \u00e9p\u00edt\u00e9szetr\u0151l \u2013 G\u00f6tz Eszter<br \/>\nA v\u00e1ltoz\u00e1sok eszt\u00e9tik\u00e1ja. 150 \u00e9ves a b\u00e9csi Iparm\u0171v\u00e9szeti Egyetem \u2013 Szeg\u0151 Gy\u00f6rgy<br \/>\nA m\u00e1gikus t\u00e9r. Sz\u00ednpad \u2013 k\u00e9p \u2013 makett \u2013 G\u00f6tz Eszter<br \/>\nMi maradt a 100 \u00e9ves Medgyaszay-\u00e9p\u00fcletekb\u0151l 2017-re? Gyukics P\u00e9ter fot\u00f3i<br \/>\nEgy kis mustra. M\u0171eml\u00e9ki helyre\u00e1ll\u00edt\u00e1sok Pest megy\u00e9ben \u00e9s a Keleti, Nyugati p\u00e1lyaudvaron \u2013 G\u00f6tz Eszter<br \/>\nMartin \u00e9s Werner Feiersinger: Italo modern 1+2 \u2013 Botzheim B\u00e1lint<br \/>\nKontextus. 3h \u00e9p\u00edt\u00e9sziroda, Munk\u00e1k 2015\u20132016 \u2013 Botzheim B\u00e1lint <\/p>\n<p>FAREWELL<\/p>\n<p>Kapit\u00e1ny J\u00f3zsef DLA1948\u20132017 \u2013 P\u00e1lfy S\u00e1ndor<br \/>\nCsontos J\u00e1nos 1962\u20132017 \u2013 G\u00f6tz Eszter <\/p>\n","protected":false},"excerpt":{"rendered":"<p>Incl. VAT, Excl. <a href=\"http:\/\/webshop.meonline.hu\/szallitasi-dijak\/\">Shipping<\/a><\/p>\n","protected":false},"featured_media":462,"comment_status":"open","ping_status":"closed","template":"","meta":{"_et_pb_use_builder":"","_et_pb_old_content":"","_et_gb_content_width":""},"product_cat":[16,17],"product_tag":[],"_links":{"self":[{"href":"http:\/\/webshop.meonline.hu\/en\/wp-json\/wp\/v2\/product\/460"}],"collection":[{"href":"http:\/\/webshop.meonline.hu\/en\/wp-json\/wp\/v2\/product"}],"about":[{"href":"http:\/\/webshop.meonline.hu\/en\/wp-json\/wp\/v2\/types\/product"}],"replies":[{"embeddable":true,"href":"http:\/\/webshop.meonline.hu\/en\/wp-json\/wp\/v2\/comments?post=460"}],"wp:featuredmedia":[{"embeddable":true,"href":"http:\/\/webshop.meonline.hu\/en\/wp-json\/wp\/v2\/media\/462"}],"wp:attachment":[{"href":"http:\/\/webshop.meonline.hu\/en\/wp-json\/wp\/v2\/media?parent=460"}],"wp:term":[{"taxonomy":"product_cat","embeddable":true,"href":"http:\/\/webshop.meonline.hu\/en\/wp-json\/wp\/v2\/product_cat?post=460"},{"taxonomy":"product_tag","embeddable":true,"href":"http:\/\/webshop.meonline.hu\/en\/wp-json\/wp\/v2\/product_tag?post=460"}],"curies":[{"name":"wp","href":"https:\/\/api.w.org\/{rel}","templated":true}]}}