{"id":475,"date":"2018-05-28T13:01:35","date_gmt":"2018-05-28T13:01:35","guid":{"rendered":"http:\/\/webshop.meonline.hu\/en\/product\/me-20181-masolat\/"},"modified":"2018-05-28T13:40:27","modified_gmt":"2018-05-28T13:40:27","slug":"me-20182","status":"publish","type":"product","link":"http:\/\/webshop.meonline.hu\/en\/termek\/me-20182\/","title":{"rendered":"M\u00c9 2018\/2"},"content":{"rendered":"<p>Hungarian Architecture 2018\/2<\/p>\n<div class=\"tartalom\"><a style=\"color: #ffffff;\" href=\"http:\/\/meonline.hu\/en\/category\/archivum\/2018\/20182\/\" target=\"_blank\">Check out our issue of 2018\/2 on our website!<\/a><\/div>\n<p>&nbsp;<\/p>\n<h4>Content<\/h4>\n<p>SCENE<\/p>\n<p>Awards on March 15th, 2018<br \/>\nHere We Are \u2013 Architectural Photography Award \u2013 Edit P\u00e1link\u00e1s<br \/>\nReconstruction and Extension of Kir\u00e1ly Medicinal Baths: Results of the Concept Contest<\/p>\n<p>THEME<\/p>\n<p>Open formation. National University of Public Service, Training Building, Budapest \u2013 B\u00e1lint Botzheim<br \/>\nParallel Stories. Reviving St Martin of Tours Parish Church \u2013 Levente Szab\u00f3<br \/>\nPerspective, Arch, Tale and Perspective. Clark Hotel, Budapest \u2013 Krisztina Somogyi<br \/>\nOne-Night Stand. Ibis Styles Budapest Airport Hotel, Ferihegy \u2013 Eszter G\u00f6tz<br \/>\nSet on Track. TVE Sports Centre, \u00d3buda \u2013 S\u00e1ndor Csont\u00f3<br \/>\nLeipzig Book Fair 2018, The Hungarian Pavilion \u2013 Hetedik M\u0171terem, Gy\u00f6rgy Szeg\u0151<br \/>\nTreasure from Bread. Reconstruction of a Historic Granary, Budajen\u0151 \u2013 Anna Sz\u00f6v\u00e9nyi<br \/>\nUnity Made Complete. Lutheran Kindergarten, Gy\u0151r \u2013 Mikl\u00f3s Okrutay<br \/>\nEmbracing walls. Kindergarten, Niederolang \u2013 Zsuzsa Beliczay<br \/>\nVoluntary artchitecture. Social School, Ghana \u2013 Bogd\u00e1n Funk<\/p>\n<p>UTOIRAT<\/p>\n<p>PLAN<\/p>\n<p>Balok\u00e1ny Baths Concept, P\u00e9cs \u2013 G\u00e1bor Kov\u00e1cs<br \/>\nSerpentine Danube Museum and conference center, Kom\u00e1rom (SLO) \u2013 Oliv\u00e9r Cs\u00e9my, Kriszti\u00e1n Cs\u00e9my<\/p>\n<p>PASSAGE<\/p>\n<p>Vilagvarosok \u2013 Budapest Becs. 20. szazadi parhuzamos varosterek \u2013 Szeg\u0151 Gy\u00f6rgy<br \/>\nSanghay \u2013 Shanghai. Parhuzamos elteresek Kelet es Nyugat kozott \u2013 Szeg\u0151 Gy\u00f6rgy<br \/>\nJohn Soane es tanitvanyai. Visions of World Architecture \u2013 G\u00f6tz Eszter<br \/>\nAz Olasz Design Napja 2018 \u2013 Szeg\u0151 Gy\u00f6rgy<br \/>\nUrban Symmetry: Hlinka Zsolt k\u00f6nyve \u2013 Botzheim Balint<br \/>\nNew Cabin Homes \u2013 Gotz Eszter<br \/>\nArchitectur1. Moholy-Nagy szimpozium az MNG-ben \u2013 Szeg\u0151 Gy\u00f6rgy<br \/>\n55 eves az EMI<\/p>\n","protected":false},"excerpt":{"rendered":"<p>Incl. VAT, Excl. <a href=\"http:\/\/webshop.meonline.hu\/szallitasi-dijak\/\">Shipping<\/a><\/p>\n","protected":false},"featured_media":477,"comment_status":"open","ping_status":"closed","template":"","meta":{"_et_pb_use_builder":"","_et_pb_old_content":"","_et_gb_content_width":""},"product_cat":[25,17],"product_tag":[],"_links":{"self":[{"href":"http:\/\/webshop.meonline.hu\/en\/wp-json\/wp\/v2\/product\/475"}],"collection":[{"href":"http:\/\/webshop.meonline.hu\/en\/wp-json\/wp\/v2\/product"}],"about":[{"href":"http:\/\/webshop.meonline.hu\/en\/wp-json\/wp\/v2\/types\/product"}],"replies":[{"embeddable":true,"href":"http:\/\/webshop.meonline.hu\/en\/wp-json\/wp\/v2\/comments?post=475"}],"wp:featuredmedia":[{"embeddable":true,"href":"http:\/\/webshop.meonline.hu\/en\/wp-json\/wp\/v2\/media\/477"}],"wp:attachment":[{"href":"http:\/\/webshop.meonline.hu\/en\/wp-json\/wp\/v2\/media?parent=475"}],"wp:term":[{"taxonomy":"product_cat","embeddable":true,"href":"http:\/\/webshop.meonline.hu\/en\/wp-json\/wp\/v2\/product_cat?post=475"},{"taxonomy":"product_tag","embeddable":true,"href":"http:\/\/webshop.meonline.hu\/en\/wp-json\/wp\/v2\/product_tag?post=475"}],"curies":[{"name":"wp","href":"https:\/\/api.w.org\/{rel}","templated":true}]}}