{"id":485,"date":"2018-07-29T14:35:19","date_gmt":"2018-07-29T14:35:19","guid":{"rendered":"http:\/\/webshop.meonline.hu\/en\/product\/me-20182-masolat\/"},"modified":"2018-07-29T14:45:10","modified_gmt":"2018-07-29T14:45:10","slug":"me-20183","status":"publish","type":"product","link":"http:\/\/webshop.meonline.hu\/en\/termek\/me-20183\/","title":{"rendered":"M\u00c9 2018\/3"},"content":{"rendered":"<p>Hungarian Architecture 2018\/3<\/p>\n<div class=\"tartalom\"><a style=\"color: #ffffff;\" href=\"http:\/\/meonline.hu\/en\/category\/archivum\/2018\/20183\/\" target=\"_blank\">Check out our issue of 2018\/3 on our website!<\/a><\/div>\n<p>&nbsp;<\/p>\n<h4>Content<\/h4>\n<p>SCENE<\/p>\n<p>The Annual General Meeting of M\u00c9SZ \u2013 Eszter G\u00f6tz<br \/>\nGalvani Bridge, Budapest. Results of the new Danube Bridge design contest<\/p>\n<p>THEME<\/p>\n<p>From Another Perspective. Master of Light Award 2017 \u2013 Krisztina Somogyi<br \/>\nLisys-Project: Decorative Urban Lighting<br \/>\nLight Sphere \u2013 Living Pictures Theatre \u2013 Gy\u00f6rgy Szeg\u0151<br \/>\nGrand Opera and a Monumental Theatre? Theatre Buildings in European Context \u2013 Zsuzsa Beliczay<br \/>\nThe Reconstruction of the National Theatre Gy\u0151r. The Results of the Contest<br \/>\nDebut of a Theatre. Extension and Modernization of the Croatian Theatre in P\u00e9cs \u2013 Katalin Getto<br \/>\nThe 21st-Century Gate of Paris: La Seine Musicale \u2013 Eszter G\u00f6tz<br \/>\nThe New Icon of Tirana. The design of the National Theatre of Albania \u2013 Eszter G\u00f6tz<br \/>\nIntegrity of Contrasts. MOME 2, Budapest \u2013 M\u00e1ria Tatai<br \/>\nThe Second Life of an Old Waterhouse. Ybl Creative House in Buda \u2013 Eszter G\u00f6tz<br \/>\nOne who is faithful in small details&#8230; The Recreation of the Neologue Synagogue and \u017dilina-Z\u00e1rie\u010die, \u017dilina \u2013 B\u00e1lint Botzheim<br \/>\nThe New Gate of F\u00fcred. Balatonf\u00fcred, Railway Station and Casticum Square \u2013 J\u00e1nos G\u00e9czi<br \/>\nAn Authentic Reconstruction. Restoring the Railway Station Complex in B\u00e9k\u00e9scsaba \u2013 P\u00e9ter Garai<br \/>\nFreespace. 16th International Architecture Biennale Venice \u2013 Szeg\u0151 Gy\u00f6rgy<\/p>\n<p>UTOIRAT<\/p>\n<p>Light in Space \u2013 Space in Light. The Subsequent Revolutions of the Light in Architecture \u2013 S\u00e1ndor B\u00f6r\u00f6cz<br \/>\n\u201eLight helps to understand space\u201d Interview with Tam\u00e1s B\u00e1nyai and Ferenc Ha\u00e1sz lighting designers \u2013 Krisztina Somogyi<br \/>\nEverything Turns into a Screen. Light Architecture and Animation \u2013 P\u00e9ter Debreczeni<br \/>\nBalkrishna Doshi: Pritzker Prize 2018 \u2013 Eszter G\u00f6tz<br \/>\nAn Early Modernist Classic 100 \u2013 or 55 \u2013 Years Later: Otto Wagner\u2019s Oeuvre Exhibition and Catalogue \u2013 B\u00e9la Ker\u00e9kgy\u00e1rt\u00f3<br \/>\nSOS Brutalismus, Vienna \u2013 M\u00e1rta Branczik<br \/>\n\u201eFacing the Railways\u201d Contemporary Railways Development Viewed by an Architect \u2013 Zolt\u00e1n T\u00f3th<\/p>\n<p>PLAN<\/p>\n<p>Prosthesis. Carrara Thermal Baths, reThinking International Contest, 2nd Prize<br \/>\nNorthern Lights Room, International Competition, Island<\/p>\n<p>PASSAGE<\/p>\n<p>Munk\u00e1k, alkot\u00f3t\u00e1rsak, tan\u00edtv\u00e1nyok. Salamin Ferenc ki\u00e1ll\u00edt\u00e1sa \u2013 Zsoldos Anna<br \/>\nRG _70. Reischl G\u00e1bor eml\u00e9kki\u00e1ll\u00edt\u00e1s \u00e9s konferencia a M\u00c9SZ-ben<br \/>\n\u00c9v T\u00e1j\u00e9p\u00edt\u00e9sze D\u00edj 2018<br \/>\nA Holnap Kiad\u00f3 k\u00e9t \u00e9p\u00edt\u00e9szett\u00f6rt\u00e9neti k\u00f6tete \u2013 Szeg\u0151 Gy\u00f6rgy<br \/>\nA Bauhaust\u00f3l az \u00c9p\u00edt\u00e9szkarig: Carl Fieger \u2013 Zsoldos Anna<br \/>\nA j\u00f6v\u0151 k\u00e9rd\u00e9sei \u2013 M\u0171v\u00e9szek \u00e9s robotok \u2013 G\u00f6tz Eszter<br \/>\nRendhagy\u00f3 rajz\u00f3ra Magyar P\u00e9ter \u00e9p\u00edt\u00e9sszel<br \/>\nMinden a mienk! Albert \u00c1d\u00e1m ki\u00e1ll\u00edt\u00e1sa<br \/>\nWilliam Hall: Wood \u2013 G\u00f6tz Eszter<br \/>\nSceni-Tech 2018 \u2013 G\u00f6tz Eszter<\/p>\n<p>FAREWELL<\/p>\n<p>S\u00e1ri Istv\u00e1n 1945\u20132018 \u2013 Viszlai J\u00f3zsef<br \/>\nPoms\u00e1r J\u00e1nos 1931\u20132018 \u2013 Ger\u0151 Bal\u00e1zs<\/p>\n","protected":false},"excerpt":{"rendered":"<p>Incl. VAT, Excl. <a href=\"http:\/\/webshop.meonline.hu\/szallitasi-dijak\/\">Shipping<\/a><\/p>\n","protected":false},"featured_media":487,"comment_status":"open","ping_status":"closed","template":"","meta":{"_et_pb_use_builder":"","_et_pb_old_content":"","_et_gb_content_width":""},"product_cat":[25,17],"product_tag":[],"_links":{"self":[{"href":"http:\/\/webshop.meonline.hu\/en\/wp-json\/wp\/v2\/product\/485"}],"collection":[{"href":"http:\/\/webshop.meonline.hu\/en\/wp-json\/wp\/v2\/product"}],"about":[{"href":"http:\/\/webshop.meonline.hu\/en\/wp-json\/wp\/v2\/types\/product"}],"replies":[{"embeddable":true,"href":"http:\/\/webshop.meonline.hu\/en\/wp-json\/wp\/v2\/comments?post=485"}],"wp:featuredmedia":[{"embeddable":true,"href":"http:\/\/webshop.meonline.hu\/en\/wp-json\/wp\/v2\/media\/487"}],"wp:attachment":[{"href":"http:\/\/webshop.meonline.hu\/en\/wp-json\/wp\/v2\/media?parent=485"}],"wp:term":[{"taxonomy":"product_cat","embeddable":true,"href":"http:\/\/webshop.meonline.hu\/en\/wp-json\/wp\/v2\/product_cat?post=485"},{"taxonomy":"product_tag","embeddable":true,"href":"http:\/\/webshop.meonline.hu\/en\/wp-json\/wp\/v2\/product_tag?post=485"}],"curies":[{"name":"wp","href":"https:\/\/api.w.org\/{rel}","templated":true}]}}