{"id":497,"date":"2018-09-30T14:47:09","date_gmt":"2018-09-30T14:47:09","guid":{"rendered":"http:\/\/webshop.meonline.hu\/en\/product\/me-20183-masolat\/"},"modified":"2018-09-30T14:57:03","modified_gmt":"2018-09-30T14:57:03","slug":"me-20184","status":"publish","type":"product","link":"http:\/\/webshop.meonline.hu\/en\/termek\/me-20184\/","title":{"rendered":"M\u00c9 2018\/4"},"content":{"rendered":"<p>Hungarian Architecture 2018\/4<\/p>\n<div class=\"tartalom\"><a style=\"color: #ffffff;\" href=\"http:\/\/meonline.hu\/en\/category\/archivum\/2018\/20184\/\" target=\"_blank\">Check out our issue of 2018\/4 on our website!<\/a><\/div>\n<p>&nbsp;<\/p>\n<h4>Content<\/h4>\n<p>SCENE<\/p>\n<p>The Missing Link. Rotterdam Architecture Biennale June 1st-July 8th \u2013 Anna Zsoldos<br \/>\nCabin fever. Hello Wood Camp, Cs\u00f3rompuszta \u2013 Anna Zsoldos<br \/>\nP\u00e1l Csonka Medal Award 2018 \u2013 P\u00e9ter Heged\u0171s<\/p>\n<p>UTOIRAT 100<\/p>\n<p>A Go-Round about Architecture<br \/>\nIs Post Scriptum a Postscript? To the 100th issue of Post Scriptum, the supplementary<br \/>\npublication of Hungarian Architecture \u2013 Rudolf Klein<br \/>\nIn Retrospect. A selection of articles from the supplementary Post Scriptum reaching its 100th edition<\/p>\n<p>THEME<\/p>\n<p>Tattersall 2.0. The Reconstruction of the National Equestrian Centre \u2013 Mikl\u00f3s Okrutay<br \/>\nTune Up. DVTK soccer stadium, Di\u00f3sgy\u0151r \u2013 Csaba Bodonyi<br \/>\nFlag on the Guard. Ludovika Sports Centre, Budapest \u2013 B\u00e1lint Botzheim<br \/>\nIndicative Mood. New Market Hall and Cultural Centre, \u00dajpest \u2013 Szilvia Moln\u00e1r<br \/>\nSown Seed. Luther Chapel, Pestszentimre \u2013 Erzs\u00e9bet Maczk\u00f3<br \/>\nA Stop-Gap Building. The House of Jewish Excellences, Balatonf\u00fcred \u2013 Tam\u00e1s Kiss<br \/>\nA Site Consecrated by the Congregation. Calvinist Church and Congregation Centre on Sv\u00e1bhegy \u2013<br \/>\nIstv\u00e1n Bart\u00f3k<br \/>\nWithout Clich\u00e9s. Resurrection Church, Rennes, France \u2013 Vilmos Katona<br \/>\nMesmerizing Transformer House. Mark\u00f3 Street, Budapest \u2013 Tam\u00e1s Ulrich<br \/>\nOpen and Protected. WorldQuant Office, Budapest \u2013 Eszter G\u00f6tz<\/p>\n<p>PLAN<\/p>\n<p>Library and Information Centre in H\u00f3dmez\u0151v\u00e1s\u00e1rhely. Design Contest, Shared 2nd Prize<br \/>\nThe Temple of Culture. Scheme for the Municipal Library, H\u00f3dmez\u0151v\u00e1s\u00e1rhely<\/p>\n<p>PASSZ\u00c1ZS <\/p>\n<p>H\u00e1rom \u00e9p\u00edt\u00e9szlegenda t\u00e1rlata a Velencei Bienn\u00e1l\u00e9 mellett \u2013 Szeg\u0151 Gy\u00f6rgy<br \/>\nGaetano Pesce: Multidiszciplin\u00e1ris id\u0151. Padova, Palazzo Della Ragione<br \/>\nRenzo Piano: V\u00edzi tervek. Velence \u2013 Zattere, Magazzino Del Sale<br \/>\nDavid Chipperfield 20 \u00faj munk\u00e1ja. Vicenza, Palladio Basilica<br \/>\nAz \u00e9p\u00edt\u00e9szet mint folyamat. Somogyi Krisztina: Golda J\u00e1nos \u2013 G\u00f6tz Eszter<br \/>\nPost Otto Wagner. A Postatakar\u00e9kt\u00f3l a posztmodernig \u2013 Szeg\u0151 Gy\u00f6rgy<br \/>\nA v\u00e1ros metafizik\u00e1ja. Aleksander Czekaj ki\u00e1ll\u00edt\u00e1sa \u2013 Zsoldos Anna<br \/>\nA n\u00e9pi \u00e9p\u00edt\u00e9szet \u00fcgy\u00e9ben. T\u00c9KA nap az Inkler h\u00e1zn\u00e1l \u2013 Nagy D\u00e9nes<br \/>\nVonalak. Egy rendhagy\u00f3 rajz\u00f3ra tanuls\u00e1gai \u2013 Magyar P\u00e9ter<br \/>\nTillmann J. A.: Az esem\u00e9nyhorizonton t\u00fal. Terek, kult\u00far\u00e1k, t\u00e1vlatok \u2013 Botzheim B\u00e1lint<br \/>\nYona Friedmann. Kiesler-d\u00edj 2018 \u2013 Szeg\u0151 Gy\u00f6rgy<\/p>\n","protected":false},"excerpt":{"rendered":"<p>Incl. VAT, Excl. <a href=\"http:\/\/webshop.meonline.hu\/szallitasi-dijak\/\">Shipping<\/a><\/p>\n","protected":false},"featured_media":499,"comment_status":"open","ping_status":"closed","template":"","meta":{"_et_pb_use_builder":"","_et_pb_old_content":"","_et_gb_content_width":""},"product_cat":[25,17],"product_tag":[],"_links":{"self":[{"href":"http:\/\/webshop.meonline.hu\/en\/wp-json\/wp\/v2\/product\/497"}],"collection":[{"href":"http:\/\/webshop.meonline.hu\/en\/wp-json\/wp\/v2\/product"}],"about":[{"href":"http:\/\/webshop.meonline.hu\/en\/wp-json\/wp\/v2\/types\/product"}],"replies":[{"embeddable":true,"href":"http:\/\/webshop.meonline.hu\/en\/wp-json\/wp\/v2\/comments?post=497"}],"wp:featuredmedia":[{"embeddable":true,"href":"http:\/\/webshop.meonline.hu\/en\/wp-json\/wp\/v2\/media\/499"}],"wp:attachment":[{"href":"http:\/\/webshop.meonline.hu\/en\/wp-json\/wp\/v2\/media?parent=497"}],"wp:term":[{"taxonomy":"product_cat","embeddable":true,"href":"http:\/\/webshop.meonline.hu\/en\/wp-json\/wp\/v2\/product_cat?post=497"},{"taxonomy":"product_tag","embeddable":true,"href":"http:\/\/webshop.meonline.hu\/en\/wp-json\/wp\/v2\/product_tag?post=497"}],"curies":[{"name":"wp","href":"https:\/\/api.w.org\/{rel}","templated":true}]}}