{"id":506,"date":"2018-11-19T09:12:28","date_gmt":"2018-11-19T09:12:28","guid":{"rendered":"http:\/\/webshop.meonline.hu\/en\/product\/me-20184-masolat\/"},"modified":"2018-11-19T09:33:27","modified_gmt":"2018-11-19T09:33:27","slug":"me-20185","status":"publish","type":"product","link":"http:\/\/webshop.meonline.hu\/en\/termek\/me-20185\/","title":{"rendered":"M\u00c9 2018\/5"},"content":{"rendered":"<p>Hungarian Architecture 2018\/5<\/p>\n<div class=\"tartalom\"><a style=\"color: #ffffff;\" href=\"http:\/\/meonline.hu\/en\/category\/archivum\/2018\/20185\/\" target=\"_blank\">Check out our issue of 2018\/5 on our website!<\/a><\/div>\n<p>&nbsp;<\/p>\n<h4>Content<\/h4>\n<p>SCENE<\/p>\n<p>Architecture World Day 2018 \u2013 Eszter G\u00f6tz<br \/>\nHungary\u2019s Gems \u2013 Our Man-Made Heritage. Photo Exhibition by M\u00c9SZ<br \/>\nThe Budapest Workshop and Lajos Kozma in M\u0171csarnok \u2013 Gy\u00f6rgy Szeg\u0151<br \/>\nRobert Venturi 1925\u20132018 \u2013 Gy\u00f6rgy Szeg\u0151<br \/>\nLajos Kozma Conference, M\u0171csarnok \u2013 P\u00e1l Sz\u00e1va<\/p>\n<p>THEME<\/p>\n<p>The Wise. The Reconstruction of the City Hall in Buda, Budapest \u2013 Tam\u00e1s D\u00e9v\u00e9nyi<br \/>\nA Bravado of Heritage Protection. The facelifting of the Synagogue in Szeged \u2013 Gy\u00f6rgy Szeg\u0151<br \/>\nAssociations of a Cultural Landscape. Zoo Visitors\u2019 Centre and Hotel Pangea, Ny\u00edregyh\u00e1za \u2013 Rita Tuczai<br \/>\nThe Local Spirit. L\u00e1ng Machinery Plant Culture Centre \u2013 Third Generation \u2013 Tam\u00e1s Ulrich<br \/>\nFinding its Place. V\u00e1ci Greens Building D, Budapest \u2013 Szabolcs Bence T\u00f6r\u00f6k<br \/>\nA New Identity. White House Office Block, Budapest \u2013 Mikl\u00f3s Okrutay<br \/>\nTown Scale, City Scale. Town Hall, T\u00f6r\u00f6kb\u00e1lint \u2013 S\u00e1ndor Csont\u00f3<br \/>\nTrust in Future. Nivegy House, Balatoncsics\u00f3 \u2013 Tam\u00e1s Kiss<br \/>\nThe Garden of Heavens. Forest Chapel, Pannonhalma, St Emery\u2019s Hill \u2013 Anna Zsoldos<br \/>\nDawn on the top of the Chimney. Boiler house, Lib\u010dice nad Vltavou (CZ) \u2013 B\u00e1lint Botzheim<\/p>\n<p>UTOIRAT<\/p>\n<p>Pro Hungarian Architecture Medal: \u00c1kos Morav\u00e1nszky \u2013 Andr\u00e1s Ferkai<br \/>\nOur Renewing Architectural Heritage \u2013 Treasures for the Future. The Exhibition of M\u00c9SZ the<br \/>\nCastle Gardens Bazaar \u2013 Csaba Latorczai<br \/>\nThe Triumph of the Roman Cement. Materials used on Revivalist Facades \u2013 Andr\u00e1s Jeney<br \/>\nKozma Classic. Exhibition of Works by Lajos Kozma on the 70th Anniversary of his Death \u2013 P\u00e9ter Rost\u00e1s<br \/>\nJewish Cemeteries in Central and Eastern Europe. On the volume by Rudolf Klein \u2013 Gy\u00f6rgy Szeg\u0151<br \/>\nCo-Housing: Examples of Co-Housing in Vienna and the Potentials of Co-Habitation in<br \/>\nBudapest \u2013 Annam\u00e1ria Babos, Petra Horogh, Katalin K. Theisler<br \/>\nA Happy City in a Smart World. Towns and Cities in the Information Society \u2013 Bogl\u00e1rka Barsi<\/p>\n<p>PLAN<\/p>\n<p>Wolf Trap: a Wolf Research Centre \u2013 Csenge K\u0151v\u00e1ri<\/p>\n<p>PASSAGE<\/p>\n<p>3h_3 h\u00e1z, FUGA \u2013 G\u00f6tz Eszter<br \/>\nMario Botta szent terei, Locarno \u2013 Szeg\u0151 Gy\u00f6rgy<br \/>\nRejtett t\u00f6rt\u00e9netek. Az \u00e9letreform-mozgalmak \u00e9s a m\u0171v\u00e9szetek, M\u0171csarnok \u2013 G\u00f6tz Eszter<br \/>\nThe Uncommon Walk: AA Visiting School, Budapest \u2013 Zsoldos Anna<br \/>\n\u00c9p\u00edt\u00e9si ter\u00fclet. Architecture Uncomfortable Workshop \u2013 Zsoldos Anna<br \/>\nMario Merz: Igloos, Mil\u00e1n\u00f3 &#8211; Botzheim B\u00e1lint<br \/>\nA sebess\u00e9g filoz\u00f3fusa. In memoriam Paul Virilio \u2013 Botzheim B\u00e1lint<br \/>\nBonta J\u00e1nos (1921\u20132018)<br \/>\nA rajz ereje, FUGA \u2013 Zsoldos Anna<br \/>\nK\u00f6z\u00f6s modern? 20. sz\u00e1zadi k\u00f6z\u00e9p\u00fcletek Gy\u0151r-Moson-Sopron megy\u00e9b\u0151l<br \/>\nOrsz\u00e1gos F\u0151\u00e9p\u00edt\u00e9szi Konferencia, Kaposv\u00e1r<\/p>\n","protected":false},"excerpt":{"rendered":"<p>Incl. VAT, Excl. <a href=\"http:\/\/webshop.meonline.hu\/szallitasi-dijak\/\">Shipping<\/a><\/p>\n","protected":false},"featured_media":508,"comment_status":"open","ping_status":"closed","template":"","meta":{"_et_pb_use_builder":"","_et_pb_old_content":"","_et_gb_content_width":""},"product_cat":[25,17],"product_tag":[],"_links":{"self":[{"href":"http:\/\/webshop.meonline.hu\/en\/wp-json\/wp\/v2\/product\/506"}],"collection":[{"href":"http:\/\/webshop.meonline.hu\/en\/wp-json\/wp\/v2\/product"}],"about":[{"href":"http:\/\/webshop.meonline.hu\/en\/wp-json\/wp\/v2\/types\/product"}],"replies":[{"embeddable":true,"href":"http:\/\/webshop.meonline.hu\/en\/wp-json\/wp\/v2\/comments?post=506"}],"wp:featuredmedia":[{"embeddable":true,"href":"http:\/\/webshop.meonline.hu\/en\/wp-json\/wp\/v2\/media\/508"}],"wp:attachment":[{"href":"http:\/\/webshop.meonline.hu\/en\/wp-json\/wp\/v2\/media?parent=506"}],"wp:term":[{"taxonomy":"product_cat","embeddable":true,"href":"http:\/\/webshop.meonline.hu\/en\/wp-json\/wp\/v2\/product_cat?post=506"},{"taxonomy":"product_tag","embeddable":true,"href":"http:\/\/webshop.meonline.hu\/en\/wp-json\/wp\/v2\/product_tag?post=506"}],"curies":[{"name":"wp","href":"https:\/\/api.w.org\/{rel}","templated":true}]}}