{"id":534,"date":"2019-01-16T20:58:50","date_gmt":"2019-01-16T20:58:50","guid":{"rendered":"http:\/\/webshop.meonline.hu\/en\/product\/me-20185-masolat\/"},"modified":"2019-01-16T21:38:33","modified_gmt":"2019-01-16T21:38:33","slug":"me-20186","status":"publish","type":"product","link":"http:\/\/webshop.meonline.hu\/en\/termek\/me-20186\/","title":{"rendered":"M\u00c9 2018\/6"},"content":{"rendered":"<p>Hungarian Architecture 2018\/6<\/p>\n<div class=\"tartalom\"><a style=\"color: #ffffff;\" href=\"http:\/\/meonline.hu\/en\/category\/archivum\/2018\/20186\/\" target=\"_blank\">Check out our issue of 2018\/6 on our website!<\/a><\/div>\n<p>&nbsp;<\/p>\n<h4>Content<\/h4>\n<p>SCENE<\/p>\n<p>Ut\u00f3irat 100. Results of the Contest<br \/>\nPro Architectura Awards 2018<br \/>\nBudapest Architectural Award of Merit 2018<br \/>\nMedia Architectural Prize 2018<br \/>\nVisegrad 4 Deteched Houses 2018 Contest and Travelling Exhibition \u2013 Andr\u00e1s Borsos <\/p>\n<p>THEME<\/p>\n<p>Truth and Beauty. The Reconstuction Project of the Museum of Fine Arts in  Budapest \u2013 Mikl\u00f3s Sulyok<br \/>\nSpace-Development with a Foliage. The Modernization of Open-Air Theatre, Ny\u00edregyh\u00e1za \u2013 P\u00e9ter Garai<br \/>\nPromenade Gardens. The New Office Block in V\u00e1ci Road &#8211; Bence T\u00f6r\u00f6k-Szabolcs<br \/>\nA Rolling  Hill with Extras. Klapka Centre, Budapest \u2013 Eszter G\u00f6tz<br \/>\nChapter 2. The Extension of the German School Budapest \u2013 Mikl\u00f3s Okrutay<br \/>\nElevation and Sinking. The New Hegyvid\u00e9k Art Gallery, Budapest \u2013 Szilvia Moln\u00e1r<br \/>\n1000 and 10 Years. Chapel in Hegyk\u00f6zszentimre \u2013 Istv\u00e1n Sz\u00f6v\u00e9nyi<br \/>\nRenaissance and Reinterpretation. The Reconstruction of the synagogue in Subotica (SRB) \u2013 Rudolf Klein<br \/>\nA Road divided. Katyn Museum, Warsaw\u2013 Eszter G\u00f6tz <\/p>\n<p>UTOIRAT<\/p>\n<p>Utoirat 100. The Results of the Contest<\/p>\n<p>PLAN<\/p>\n<p>The House of Religions. M\u00c9SZ-M\u00c9K Diploma Award 2018 \u2013 Breuer Anna L\u00e1bodi <\/p>\n<p>PASSAGE<\/p>\n<p>Ekler Dezs\u0151: T\u00e9rt\u00f6red\u00e9kek \u2013 Szeg\u0151 Gy\u00f6rgy<br \/>\nF\u00e9ny \u00e9s panor\u00e1ma. A Buda\u00f6rsi rep\u00fcl\u0151t\u00e9r metamorf\u00f3zisai<br \/>\nInterdiszciplinarit\u00e1s ki\u00e1ll\u00edt\u00e1sba csomagolva \u2013 Harlov-Csort\u00e1n Melinda<br \/>\nSzerb sz\u00e9kesegyh\u00e1z a Tab\u00e1nban \u2013 Szeg\u0151 Hanna<br \/>\nDowntown. Denise Scott Brown \u2013 Szeg\u0151 Gy\u00f6rgy<br \/>\nLeonardo mikroszk\u00f3pja. A Leicesteri K\u00f3dex \u2013 G\u00f6tz Eszter<br \/>\n12 fal \u2013 \u00c9p\u00edt\u00e9szet \u00e9s ornamentika<br \/>\nChildren of the Wood \u2013 G\u00f6tz Eszter<br \/>\nNagyv\u00e1ros brand. T\u00f6rt\u00e9neti \u00e9s kort\u00e1rs fot\u00f3m\u0171v\u00e9szek v\u00e1rosk\u00e9pe \u2013 Szeg\u0151 Hanna<br \/>\n150 \u00e9ve sz\u00fcletett Charles Rennie Mackintosh \u2013 G\u00f6tz Eszter<\/p>\n","protected":false},"excerpt":{"rendered":"<p>Incl. VAT, Excl. <a href=\"http:\/\/webshop.meonline.hu\/szallitasi-dijak\/\">Shipping<\/a><\/p>\n","protected":false},"featured_media":542,"comment_status":"open","ping_status":"closed","template":"","meta":{"_et_pb_use_builder":"","_et_pb_old_content":"","_et_gb_content_width":""},"product_cat":[25,17],"product_tag":[],"_links":{"self":[{"href":"http:\/\/webshop.meonline.hu\/en\/wp-json\/wp\/v2\/product\/534"}],"collection":[{"href":"http:\/\/webshop.meonline.hu\/en\/wp-json\/wp\/v2\/product"}],"about":[{"href":"http:\/\/webshop.meonline.hu\/en\/wp-json\/wp\/v2\/types\/product"}],"replies":[{"embeddable":true,"href":"http:\/\/webshop.meonline.hu\/en\/wp-json\/wp\/v2\/comments?post=534"}],"wp:featuredmedia":[{"embeddable":true,"href":"http:\/\/webshop.meonline.hu\/en\/wp-json\/wp\/v2\/media\/542"}],"wp:attachment":[{"href":"http:\/\/webshop.meonline.hu\/en\/wp-json\/wp\/v2\/media?parent=534"}],"wp:term":[{"taxonomy":"product_cat","embeddable":true,"href":"http:\/\/webshop.meonline.hu\/en\/wp-json\/wp\/v2\/product_cat?post=534"},{"taxonomy":"product_tag","embeddable":true,"href":"http:\/\/webshop.meonline.hu\/en\/wp-json\/wp\/v2\/product_tag?post=534"}],"curies":[{"name":"wp","href":"https:\/\/api.w.org\/{rel}","templated":true}]}}