{"id":555,"date":"2019-03-12T21:29:02","date_gmt":"2019-03-12T21:29:02","guid":{"rendered":"http:\/\/webshop.meonline.hu\/en\/product\/me-20186-masolat\/"},"modified":"2019-03-12T21:43:51","modified_gmt":"2019-03-12T21:43:51","slug":"me-20191","status":"publish","type":"product","link":"http:\/\/webshop.meonline.hu\/en\/termek\/me-20191\/","title":{"rendered":"M\u00c9 2019\/1"},"content":{"rendered":"<p>Hungarian Architecture 2019\/1<\/p>\n<div class=\"tartalom\"><a style=\"color: #ffffff;\" href=\"http:\/\/meonline.hu\/en\/category\/archivum\/2019\/20191\/\" target=\"_blank\">Check out our issue of 2019\/1 on our website!<\/a><\/div>\n<p>&nbsp;<\/p>\n<h4>Content<\/h4>\n<p>SCENE<\/p>\n<p>Iv\u00e1n Kotsis Medal: G\u00e1bor U. Nagy \u2013 P\u00e9ter Sug\u00e1r<br \/>\nIn Memoriam B\u00e9la Ker\u00e9kgy\u00e1rt\u00f3 1949\u20132018 \u2013 Levente Szab\u00f3<br \/>\nBudapest South Gate Masterplan. Result of the International Competition<\/p>\n<p>THEME<\/p>\n<p>A Contemporary Surplus. Hungarian Heritage House, Budapest \u2013 Tam\u00e1s Kiss<br \/>\nCreating Atmosphere and Clear Formation. Exhibition Interiors in the reopened Museum of Fine Arts \u2013 Mikl\u00f3s Sulyok<br \/>\nHanging Gardens above Buda. Baba Guel Mausoleum, Budapest, Eszter G\u00f6tz<br \/>\nRe-thingking with Preservation. Headquarters of the Hungarian Arts Academy, Budapest \u2013 Korn\u00e9l Baliga<br \/>\nEquilibrium. Vilmos Apor Catholic College, Pesterzs\u00e9bet \u2013 Vilmos Katona<br \/>\nA Pebble from the Danube. Hotel Meininger, Budapest \u2013 Zolt\u00e1n Dragon<br \/>\nSuccessful Shot. Footsal Hall of Aramis Sports Club, Buda\u00f6rs \u2013 Zsolt V\u00e9kony<br \/>\nSchools on the Frontier. The Gym Hall of the Dominican Sisters\u2019 School, K\u0151szeg \u2013 Gy\u00f6rgy Major<br \/>\nNew Definition. Central Library, Helsinki \u2013 Eszter G\u00f6tz<br \/>\nOne More Step Forward. A Four-Flat Tenement Block, Budapest, R\u00f3mai Riverbank \u2013 B\u00e1lint Botzheim<br \/>\nThe Simple House. Dwelling House, Cs\u00f6m\u00f6r \u2013 Anna Zsoldos<\/p>\n<p>UTOIRAT<\/p>\n<p>Post Scriptum 100. Articles and essays submitted for the contest that received no awards<br \/>\nMies van der Rohe, the New National Gallery and Old Museum in Berlin \u2013 Hannes B\u00f6hringer<br \/>\nStair-Cases \u2013 \u00c1kos Morav\u00e1nszky<br \/>\nA Vertical World. New Faces of Budapest, Bratislava and Belgrade \u2013 \u00c9va Lovra<br \/>\nCo-housing. Innovative Architectural Solutions of Contemporary Urban Communal Residential Buildings \u2013 Julianna Szab\u00f3, Annam\u00e1ria Babos<\/p>\n<p>PLAN<\/p>\n<p>The Way of Silence, Stress Treatment Centre, Herencs\u00e9ny. M\u00c9SZ-M\u00c9K Diploma Award 2018 \u2013 M\u00f3nika M\u00e9sz\u00e1ros<\/p>\n<p>PASSAGE<\/p>\n<p>Piranesi-d\u00edj 2018 ki\u00e1ll\u00edt\u00e1s, FUGA<br \/>\nKoloman Moser (1868\u20131918). Allround m\u0171v\u00e9sz: Klimt \u00e9s Hoffmann k\u00f6z\u00f6tt \u2013 Szeg\u0151 Gy\u00f6rgy<br \/>\nHans Poelzig: Berlini projektek \u2013 G\u00f6tz Eszter<br \/>\nUrban Design &#038; Architecture Design Awards 2018<br \/>\nTov\u00e1bb\u00e9p\u00edt\u00e9s \u00e9s \u00fajrahasznos\u00edt\u00e1s. BME \u00c9p\u00edt\u0151m\u0171v\u00e9szeti Doktori Iskola, 2018<br \/>\nA vil\u00e1g legjobb k\u00f6z\u00e9p\u00fclete lett a N\u00e9prajzi M\u00fazeum \u00faj \u00e9p\u00fclete<br \/>\n15 Design H\u00e9t Budapest<\/p>\n<p>FAREWELL<\/p>\n<p>In memoriam Ferenc D\u00e1vid (1940\u20132019) \u2013 Tam\u00e1s K\u0151nig <\/p>\n","protected":false},"excerpt":{"rendered":"<p>Incl. VAT, Excl. <a href=\"http:\/\/webshop.meonline.hu\/szallitasi-dijak\/\">Shipping<\/a><\/p>\n","protected":false},"featured_media":557,"comment_status":"open","ping_status":"closed","template":"","meta":{"_et_pb_use_builder":"","_et_pb_old_content":"","_et_gb_content_width":""},"product_cat":[29,17],"product_tag":[],"_links":{"self":[{"href":"http:\/\/webshop.meonline.hu\/en\/wp-json\/wp\/v2\/product\/555"}],"collection":[{"href":"http:\/\/webshop.meonline.hu\/en\/wp-json\/wp\/v2\/product"}],"about":[{"href":"http:\/\/webshop.meonline.hu\/en\/wp-json\/wp\/v2\/types\/product"}],"replies":[{"embeddable":true,"href":"http:\/\/webshop.meonline.hu\/en\/wp-json\/wp\/v2\/comments?post=555"}],"wp:featuredmedia":[{"embeddable":true,"href":"http:\/\/webshop.meonline.hu\/en\/wp-json\/wp\/v2\/media\/557"}],"wp:attachment":[{"href":"http:\/\/webshop.meonline.hu\/en\/wp-json\/wp\/v2\/media?parent=555"}],"wp:term":[{"taxonomy":"product_cat","embeddable":true,"href":"http:\/\/webshop.meonline.hu\/en\/wp-json\/wp\/v2\/product_cat?post=555"},{"taxonomy":"product_tag","embeddable":true,"href":"http:\/\/webshop.meonline.hu\/en\/wp-json\/wp\/v2\/product_tag?post=555"}],"curies":[{"name":"wp","href":"https:\/\/api.w.org\/{rel}","templated":true}]}}