{"id":579,"date":"2019-07-07T15:23:41","date_gmt":"2019-07-07T15:23:41","guid":{"rendered":"http:\/\/webshop.meonline.hu\/en\/product\/me-20191-masolat\/"},"modified":"2019-07-07T15:34:24","modified_gmt":"2019-07-07T15:34:24","slug":"me-20192","status":"publish","type":"product","link":"http:\/\/webshop.meonline.hu\/en\/termek\/me-20192\/","title":{"rendered":"M\u00c9 2019\/2"},"content":{"rendered":"<p>Hungarian Architecture 2019\/2<\/p>\n<div class=\"tartalom\"><a style=\"color: #ffffff;\" href=\"http:\/\/meonline.hu\/en\/category\/archivum\/2019\/20192\/\" target=\"_blank\">Check out our issue of 2019\/2 on our website!<\/a><\/div>\n<p>&nbsp;<\/p>\n<h4>Content<\/h4>\n<p>SCENE<\/p>\n<p>Ybl Prize 2019<br \/>\nA Panorama of the Congress. 16th International Congress of Architecture, Budapest \u2013 B\u00e1lint Botzheim<br \/>\nV4 Architectural Association. Meeting of the Visegr\u00e1d Four, Architects\u2019 Associations \u2013 Eszter G\u00f6tz<br \/>\nCover \/\/\/ Age. 2nd National Salon of Architecture, Kunsthalle, Budapest<br \/>\nApocalypse Later: 11th Budapest Architectural Films Days \u2013 Eszter G\u00f6tz<\/p>\n<p>THEME<\/p>\n<p>\u201eBecause every dance is the mirror of the soul\u201d \u2013 National Dance Theatre, Budapest \u2013 Zolt\u00e1n Dragon<br \/>\nAfter a Hault. Jazz Loft Aquincum Apartments, Budapest \u2013 Szilvia Moln\u00e1r<br \/>\nTwo Reconstructions of Historic Buildings in K\u0151szeg \u2013 One and the Same Story. Festetics-Palace<br \/>\nand Szemz\u0151 Mansion, K\u0151szeg \u2013 Tam\u00e1s Fej\u00e9rdy<br \/>\nBefore and After. Shopmark Shopping Centre, Budapest \u2013 L\u00e1szl\u00f3 Mik\u00f3<br \/>\nOrganic continuation. Sport Centre of Pusk\u00e1s Ferenc Football Academy, Felcs\u00fat- B\u00e1lint Botzheim<br \/>\nThe Power of the Sport Tradition. The Reconstruction of Istv\u00e1n B\u00e1r\u00e1ny Swimming-Pool in Eger<br \/>\n\u2013 Mikl\u00f3s Okrutay<br \/>\nLine-Up. The New Gym Hall of V\u00f6r\u00f6smarty Mih\u00e1ly Secondary Grammar School, \u00c9rd \u2013 Bal\u00e1zs Cs\u00f3ka<br \/>\nA Luxury Hotel from a Lodge House. Mystery Hotel, Budapest \u2013 Eszter G\u00f6tz<br \/>\nPlayful Parametria. Textura Restaurant, Budapest \u2013 P\u00e9ter Debreczeni<br \/>\nPatient Continuity. The Reconstruction of the Pilgrimage Complex in Mariazell \u2013 Zot\u00e1n Vukosz\u00e1vlyev<br \/>\nEuropa Nostra Grand Prix, the Reward of Collaboration: the Castle of Ba\u0107 \u2013 \u00c9va Lovra<\/p>\n<p>UTOIRAT<\/p>\n<p>Where Should the Chinese Stand? International Architects\u2019 Conference \u2013 Anna Z\u00f6ldi<br \/>\nAnton Lorenz: From Avantgarde to Industry \u2013 P\u00e1l L\u0151vei<br \/>\nThe Birth of a City in the Age of Bauhaus: the White City of Tel-Aviv \u2013 Melinda Bogn\u00e1r<br \/>\nThe Site of Crossroads, or Which Roads Leads Where? \u2013 Anna Sz\u00f6v\u00e9nyi<\/p>\n<p>PLAN<\/p>\n<p>The Reconstruction Project of the Synagogue in K\u0151szeg<\/p>\n<p>PASSAGE<\/p>\n<p>D\u00e9v\u00e9nyi S\u00e1ndor \u00e9p\u00edt\u0151m\u0171v\u00e9sz ki\u00e1ll\u00edt\u00e1sa \u2013 Zsoldos Anna<br \/>\nMies van der Rohe d\u00edj 2019 \u2013 G\u00f6tz Eszter<br \/>\nPritzker-d\u00edj 2019: Arata Isozaki \u2013 Botzheim B\u00e1lint<br \/>\nBauhaus 100 \u2013 Weininger Andor 120 \u2013 Szeg\u0151 Gy\u00f6rgy<br \/>\nCritical Care: \u00e9p\u00edt\u00e9szet a kr\u00edzisben szenved\u0151 plan\u00e9t\u00e1nak, AZWien \u2013 Szeg\u0151 Gy\u00f6rgy<br \/>\nBauhaus100 \u2013 Kort\u00e1rs n\u00e9z\u0151pontok, Ludwig M\u00fazeum<br \/>\nG\u00e9czy N\u00f3ra: Design \u2013 T\u00e9r- \u00e9s formakult\u00fara \u2013 G\u00f6tz Eszter<br \/>\nBudapest100 \u2013 A Bauhaus nyom\u00e1ban<br \/>\nTitkok v\u00e1rosa. T\u00f6r\u00f6k Andr\u00e1s: The 500 Hidden Secrets of Budapest \u2013 G\u00f6tz Eszter<br \/>\nFinding Hudec. A Hudec Kultur\u00e1lis Alap\u00edtv\u00e1ny \u00e9s az ECNU School ki\u00e1ll\u00edt\u00e1sa, FUGA<br \/>\nKollekt\u00edv \u00e1lmok \u00e9s burzsuj vill\u00e1k. A magyar CIRPAC-csoport helysz\u00ednrajza, Centr\u00e1lis Gal\u00e9ria<\/p>\n<p>FAREWELL<\/p>\n<p>Elhunyt Tok\u00e1r Gy\u00f6rgy \u00e9p\u00edt\u00e9sz \u2013 Ulrich Tam\u00e1s<br \/>\nIn memoriam Varga Levente \u2013 Tomay Tam\u00e1s<br \/>\nKomj\u00e1thy Attila eml\u00e9k\u00e9re \u2013 G\u00f6tz Eszter<\/p>\n","protected":false},"excerpt":{"rendered":"<p>Incl. VAT, Excl. <a href=\"http:\/\/webshop.meonline.hu\/szallitasi-dijak\/\">Shipping<\/a><\/p>\n","protected":false},"featured_media":581,"comment_status":"open","ping_status":"closed","template":"","meta":{"_et_pb_use_builder":"","_et_pb_old_content":"","_et_gb_content_width":""},"product_cat":[29,17],"product_tag":[],"_links":{"self":[{"href":"http:\/\/webshop.meonline.hu\/en\/wp-json\/wp\/v2\/product\/579"}],"collection":[{"href":"http:\/\/webshop.meonline.hu\/en\/wp-json\/wp\/v2\/product"}],"about":[{"href":"http:\/\/webshop.meonline.hu\/en\/wp-json\/wp\/v2\/types\/product"}],"replies":[{"embeddable":true,"href":"http:\/\/webshop.meonline.hu\/en\/wp-json\/wp\/v2\/comments?post=579"}],"wp:featuredmedia":[{"embeddable":true,"href":"http:\/\/webshop.meonline.hu\/en\/wp-json\/wp\/v2\/media\/581"}],"wp:attachment":[{"href":"http:\/\/webshop.meonline.hu\/en\/wp-json\/wp\/v2\/media?parent=579"}],"wp:term":[{"taxonomy":"product_cat","embeddable":true,"href":"http:\/\/webshop.meonline.hu\/en\/wp-json\/wp\/v2\/product_cat?post=579"},{"taxonomy":"product_tag","embeddable":true,"href":"http:\/\/webshop.meonline.hu\/en\/wp-json\/wp\/v2\/product_tag?post=579"}],"curies":[{"name":"wp","href":"https:\/\/api.w.org\/{rel}","templated":true}]}}