{"id":624,"date":"2020-04-05T16:50:19","date_gmt":"2020-04-05T16:50:19","guid":{"rendered":"http:\/\/webshop.meonline.hu\/en\/product\/me-20192-masolat\/"},"modified":"2020-04-05T16:56:21","modified_gmt":"2020-04-05T16:56:21","slug":"me-20193","status":"publish","type":"product","link":"http:\/\/webshop.meonline.hu\/en\/termek\/me-20193\/","title":{"rendered":"M\u00c9 2019\/3"},"content":{"rendered":"<p>Hungarian Architecture 2019\/3<\/p>\n<div class=\"tartalom\"><a style=\"color: #ffffff;\" href=\"http:\/\/meonline.hu\/en\/category\/archivum\/2019\/20193\/\" target=\"_blank\">Check out our issue of 2019\/3 on our website!<\/a><\/div>\n<p>&nbsp;<\/p>\n<h4>Content<\/h4>\n<p>SCENE<\/p>\n<p>M\u00c9SZ Conference 2019, Architects&#8217; House \u2013 Andr\u00e1s Krizs\u00e1n<br \/>\nTen Years of Fuga, Anniversary Festival, July \u2013 October<br \/>\nCulture Factory Project, \u00d3zd, FIABCI Award 2019<br \/>\nThe Gold Medal of the Hungarian Academy of Arts 2019: Barnab\u00e1s Winkler \u2013 Ferenc T\u00f6r\u00f6k<br \/>\nThe Conversion of the Open-air Stage in V\u00e1rosmajor. The Results of the Concept Contest<\/p>\n<p>THEME<\/p>\n<p>Diamond Cutting. Parisian Court, Budapest \u2013 Tam\u00e1s Ulrich<br \/>\nAn Explored Value. Reconstruction of the Synagogue in Rumbach Sebesty\u00e9n street \u2013 Vilmos Katona<br \/>\nGuardians. Church Reconstructions in Orm\u00e1ns\u00e1g \u2013 D\u00e1niel Rabb, P\u00e9ter Rabb<br \/>\nScientific Handicratsmanship. The Building of the Pharmacy Garden in Budajen\u0151 \u2013 Kriszti\u00e1n Dudics<br \/>\nSpaces and Events. Children\u2019s Camp, Balatonfenyves \u2013 G\u00e1bor B\u00e1rtfai-Szab\u00f3<br \/>\nAquaculture and Modernism. \u00c1rp\u00e1d Open-air Baths, Csillaghegy \u2013 Anna Z\u00f6ldi<br \/>\nFrom Time to Time. Market and Community Zone, B\u00e9k\u00e1smegyer \u2013 Eszter G\u00f6tz<br \/>\nA Shell-shaped Framework. The Look-out on Lila Hill Re-opened \u2013 Anett Mizsei, Vilmos Katona<br \/>\nPrisms at the Junction of the Rivers Danube and Sava. Reconstruction of Contemporary Arts Museum, Belgrade \u2013 \u00c9va Lovra<\/p>\n<p>CREATIVE CITIES<\/p>\n<p>Global Village, Creative City. Thougths on a New Column \u2013 Zolt\u00e1n Lantos<br \/>\nThe Significance of High-standard Architecture. Origen Festival, Switzerland \u2013 B\u00e1lint Rig\u00f3<\/p>\n<p>UTOIRAT<\/p>\n<p>Gestures and Spatial Formation in the Architecture of Catholic Churches in Hungary during the Interwar Era \u2013 Tam\u00e1s Kiss<br \/>\nSpatial Dramaturgy. Ideas in the Wake of a Volume \u2013 Zsolt Gunther<br \/>\nTimeless and Changing Values. On the 50th Anniversary of the Culture Centre in Orgov\u00e1ny \u2013 M\u00f3nika Bord\u00e1s<br \/>\nThe Workshop for the Future. The Special College of Architecture \u2013 Anna Zsoldos<br \/>\nSpaces Teaching in a Different Way. Conference of Architects and Children, Budapest University of Technology, May 16th \u2013 Krisztina Somogyi<br \/>\nArchitectural Drawing as Artwork. Interview with Sergei Tchoban<\/p>\n<p>PLAN<\/p>\n<p>Plans For a Co-housing, Budapest, Diploma Design \u2013 Anna M\u00fcller<\/p>\n<p>PASSAGE<\/p>\n<p>T\u00c9R\/\/\/ER\u0150, K\u00f6z\u00f6ss\u00e9g \u00e9s \u00e9p\u00edt\u00e9szet. II. \u00c9p\u00edt\u00e9szeti Nemzeti Szalon \u2013 Wessel\u00e9nyi-Garay Andor<br \/>\nVelence labirintusai. 58. K\u00e9pz\u0151m\u0171v\u00e9szeti Bienn\u00e1l\u00e9, Velence \u2013 Szeg\u0151 Gy\u00f6rgy<br \/>\nMesternek lenni. Sulyok Mikl\u00f3s: Bodonyi Csaba \u00e9p\u00edt\u00e9szete \u2013 B\u00e1n Andr\u00e1s<br \/>\nSzecesszi\u00f3 az Alf\u00f6ld\u00f6n. Dolgozatok a r\u00e9gi\u00f3 m\u0171v\u00e9szet- \u00e9s v\u00e1rost\u00f6rt\u00e9net\u00e9r\u0151l \u2013 Havas Gy\u00f6ngyv\u00e9r<br \/>\nA katedra szerzetese. \u00c9p\u00edt\u00e9szett\u00f6rt\u00e9neti \u00edr\u00e1sok Guzsik Tam\u00e1s eml\u00e9k\u00e9re \u2013 Jahoda R\u00f3bert<br \/>\nT\u00e9rey J\u00e1nos 1970\u20132019<br \/>\nEg\u00e9sz \u00e9s a r\u00e9sz. L\u00e1z\u00e1r Antal sz\u00e9kfoglal\u00f3ja, FUGA<br \/>\nKollekt\u00edv \u00e1lmok \u00e9s burzsuj vill\u00e1k. A magyar CIRPAC-csoport helysz\u00ednrajza, Centr\u00e1lis Gal\u00e9ria<br \/>\nMakovecz Benjamin: Sz\u00e1ztizenegy l\u00e1bjegyzet Makovecz Imr\u00e9r\u0151l \u2013 G\u00f6tz Eszter<\/p>\n","protected":false},"excerpt":{"rendered":"<p>Incl. VAT, Excl. <a href=\"http:\/\/webshop.meonline.hu\/szallitasi-dijak\/\">Shipping<\/a><\/p>\n","protected":false},"featured_media":626,"comment_status":"open","ping_status":"closed","template":"","meta":{"_et_pb_use_builder":"","_et_pb_old_content":"","_et_gb_content_width":""},"product_cat":[29,17],"product_tag":[],"_links":{"self":[{"href":"http:\/\/webshop.meonline.hu\/en\/wp-json\/wp\/v2\/product\/624"}],"collection":[{"href":"http:\/\/webshop.meonline.hu\/en\/wp-json\/wp\/v2\/product"}],"about":[{"href":"http:\/\/webshop.meonline.hu\/en\/wp-json\/wp\/v2\/types\/product"}],"replies":[{"embeddable":true,"href":"http:\/\/webshop.meonline.hu\/en\/wp-json\/wp\/v2\/comments?post=624"}],"wp:featuredmedia":[{"embeddable":true,"href":"http:\/\/webshop.meonline.hu\/en\/wp-json\/wp\/v2\/media\/626"}],"wp:attachment":[{"href":"http:\/\/webshop.meonline.hu\/en\/wp-json\/wp\/v2\/media?parent=624"}],"wp:term":[{"taxonomy":"product_cat","embeddable":true,"href":"http:\/\/webshop.meonline.hu\/en\/wp-json\/wp\/v2\/product_cat?post=624"},{"taxonomy":"product_tag","embeddable":true,"href":"http:\/\/webshop.meonline.hu\/en\/wp-json\/wp\/v2\/product_tag?post=624"}],"curies":[{"name":"wp","href":"https:\/\/api.w.org\/{rel}","templated":true}]}}