{"id":631,"date":"2020-04-11T14:46:00","date_gmt":"2020-04-11T14:46:00","guid":{"rendered":"http:\/\/webshop.meonline.hu\/en\/product\/me-20193-masolat\/"},"modified":"2020-04-11T14:54:26","modified_gmt":"2020-04-11T14:54:26","slug":"me-20194","status":"publish","type":"product","link":"http:\/\/webshop.meonline.hu\/en\/termek\/me-20194\/","title":{"rendered":"M\u00c9 2019\/4"},"content":{"rendered":"<p>Hungarian Architecture 2019\/4<\/p>\n<div class=\"tartalom\"><a style=\"color: #ffffff;\" href=\"http:\/\/meonline.hu\/en\/category\/archivum\/2019\/20194\/\" target=\"_blank\">Check out our issue of 2019\/4 on our website!<\/a><\/div>\n<p>&nbsp;<\/p>\n<h4>Content<\/h4>\n<p>SCENE<\/p>\n<p>P\u00e1l Csonka Award 2019 \u2013 Eszter G\u00f6tz<br \/>\nIn memoriam Kapy Jen\u0151 (1942\u20132019) \u2013 Klein Rudolf<\/p>\n<p>THEME<\/p>\n<p>Continuous Past. The Renewed Carmelite Complex \u2013 Mikl\u00f3s Sulyok<br \/>\nA New Beginning. Fatima Pilgrimage Center and Shrine, Als\u00f3szentiv\u00e1n \u2013 Vilmos Katona<br \/>\nA Striking Answer. Calvinist Church, \u00dajpalota, Budapest \u2013 Tam\u00e1s Kiss<br \/>\nA Change of Scales in Zugligeti Road. The Transformation of MOME Campus \u2013 M\u00e1ria Tatai<br \/>\nAn Open Book. J\u00f3zsef Attila Public Library, Mak\u00f3 \u2013 Eszter G\u00f6tz<br \/>\nMarket, Economy. Market Hall, Nagyk\u0151r\u00f6s \u2013 Anett Mizsei<br \/>\nDanube Riverbank Awakening. Pesterzs\u00e9bet Open-air Baths \u2013 Zolt\u00e1n Dragon<br \/>\nA Competitive Alternative. Solar Decathlon 2019, Szentendre \u2013 Kriszti\u00e1n Dudics<br \/>\nExpo at the Foot of the Great Chinese Wall. Gardening World Exhibition, Beijing \u2013 P\u00e1l L\u0151vei<br \/>\nGenerative Paper Lantern. Plasencia Auditorium and Conference Centre \u2013 Levente Gyulai, Vilmos Katona<\/p>\n<p>CREATIVE CITIES<\/p>\n<p>Creative Space Utilization Architectural and Social Aspects \u2013 Laura Tak\u00e1cs, Tam\u00e1s Fej\u00e9rdy Dr.<br \/>\nCreative Vienna. Vienna Biennale 2019 \u2013 Gy\u00f6rgy Szeg\u0151<\/p>\n<p>UTOIRAT<\/p>\n<p>Cubic Fates. The Reinterpretation of Hungary\u2019s Cubic Houses Building Stock \u2013 T\u00fcnde Krisztina T\u00f3th<br \/>\nWhere is the Architecture of the Future Born? 10+1 Questions on the Solar Decathlon \u2013 Istv\u00e1n Cs\u00fasz<br \/>\nCommemorating Jen\u0151 Riman\u00f3czy \u2013 Andr\u00e1s Ferkai<br \/>\nThe Meaning in Architecture. How Do Man-made Spaces Address Us? \u2013 Zs\u00f3fia Sz\u00e1ntay<br \/>\nArchitectural Atmospheres \u2013 Szil\u00e1rd Suba-Faluv\u00e9gi<\/p>\n<p>PLAN<\/p>\n<p>Swallows\u2019 Visitors\u2019 Centre \u2013 Bence P\u00e9ter T\u00f3th<\/p>\n<p>PASSAGE<\/p>\n<p>\u00c9p\u00edt\u00e9szeti Szalon 2019 \u2013 M\u00fajdricza P\u00e9ter<br \/>\nF\u00e9nyarchitekt\u00fara \u2013 Horv\u00e1th \u00c9va M\u00f3nika<br \/>\nEgy igazi k\u00f6nyvcsemege. Jelek a t\u00e9rben: L\u00e1z\u00e1r Antal \u00e9p\u00edt\u00e9szete \u2013 Sylvester \u00c1d\u00e1m<br \/>\nCaf\u00e9 As \u2013 Az \u00e9p\u00edt\u00e9sz Simon Wiesenthal \u2013 Szeg\u0151 Gy\u00f6rgy<br \/>\nHaas Haus \u2013 Hommage \u00e0 Hollein \u2013 Szeg\u0151 Gy\u00f6rgy<br \/>\n In memoriam Majoros G\u00e1bor \u2013 Hegyi Dezs\u0151<br \/>\nM\u00e1ri\u00e1si Masznyik Iv\u00e1n ki\u00e1ll\u00edt\u00e1sa<br \/>\nTrust your Architect!<br \/>\nFrida orsz\u00e1ga. Guillermo Kahlo fot\u00f3i \u2013 Szeg\u0151 Gy\u00f6rgy<br \/>\nCs\u00e1goly Ferenc: \u00c9p\u00edt\u00e9szet \u00e9s kult\u00fara II.<\/p>\n","protected":false},"excerpt":{"rendered":"<p>Incl. VAT, Excl. <a href=\"http:\/\/webshop.meonline.hu\/szallitasi-dijak\/\">Shipping<\/a><\/p>\n","protected":false},"featured_media":633,"comment_status":"open","ping_status":"closed","template":"","meta":{"_et_pb_use_builder":"","_et_pb_old_content":"","_et_gb_content_width":""},"product_cat":[29,17],"product_tag":[],"_links":{"self":[{"href":"http:\/\/webshop.meonline.hu\/en\/wp-json\/wp\/v2\/product\/631"}],"collection":[{"href":"http:\/\/webshop.meonline.hu\/en\/wp-json\/wp\/v2\/product"}],"about":[{"href":"http:\/\/webshop.meonline.hu\/en\/wp-json\/wp\/v2\/types\/product"}],"replies":[{"embeddable":true,"href":"http:\/\/webshop.meonline.hu\/en\/wp-json\/wp\/v2\/comments?post=631"}],"wp:featuredmedia":[{"embeddable":true,"href":"http:\/\/webshop.meonline.hu\/en\/wp-json\/wp\/v2\/media\/633"}],"wp:attachment":[{"href":"http:\/\/webshop.meonline.hu\/en\/wp-json\/wp\/v2\/media?parent=631"}],"wp:term":[{"taxonomy":"product_cat","embeddable":true,"href":"http:\/\/webshop.meonline.hu\/en\/wp-json\/wp\/v2\/product_cat?post=631"},{"taxonomy":"product_tag","embeddable":true,"href":"http:\/\/webshop.meonline.hu\/en\/wp-json\/wp\/v2\/product_tag?post=631"}],"curies":[{"name":"wp","href":"https:\/\/api.w.org\/{rel}","templated":true}]}}