{"id":636,"date":"2020-04-12T18:20:25","date_gmt":"2020-04-12T18:20:25","guid":{"rendered":"http:\/\/webshop.meonline.hu\/en\/product\/me-20194-masolat\/"},"modified":"2020-04-12T18:32:15","modified_gmt":"2020-04-12T18:32:15","slug":"me-20195","status":"publish","type":"product","link":"http:\/\/webshop.meonline.hu\/en\/termek\/me-20195\/","title":{"rendered":"M\u00c9 2019\/5"},"content":{"rendered":"<p>Hungarian Architecture 2019\/5<\/p>\n<div class=\"tartalom\"><a style=\"color: #ffffff;\" href=\"http:\/\/meonline.hu\/en\/category\/archivum\/2019\/20195\/\" target=\"_blank\">Check out our issue of 2019\/5 on our website!<\/a><\/div>\n<p>&nbsp;<\/p>\n<h4>Content<\/h4>\n<p>SCENE<\/p>\n<p>World Architects\u2019 Day 2019 \u2013 Eszter G\u00f6tz<br \/>\nAn Ultra-Modern Hungarian Architect in Shanghai: K\u00e1roly Gonda \u2013 Eszter Baldav\u00e1ri<br \/>\n24th Chief Architects\u2019 National Conference, Tihany<br \/>\nThe Cross \u2013 13th Conference Of Sacral Architecture \u2013 Zolt\u00e1n P\u00e1ricsy<br \/>\nInterior Architect Of The Year Award: Krisztina F\u00fcl\u00f6p<\/p>\n<p>THEME<\/p>\n<p>Like Fish In The Water. Vizafog\u00f3 Kindergarten, Budapest \u2013 S\u00e1ndor Csont\u00f3<br \/>\nAssistance. Health Centre, Budakeszi \u2013 Gy\u00f6rgyi Csontos<br \/>\nComputer in the Forest. Forest Offices, Debrecen \u2013 D\u00e1vid B\u00e1n<br \/>\nZen Garden in the Heart of an Office. Kev\u00edz 21 Office Block, Ny\u00edregyh\u00e1za \u2013 Rita Tuczai<br \/>\nRefreshening a Space. Modernization of the Offices in M\u00e1ri\u00e1ssy House, Budapest \u2013 Tam\u00e1s Ulrich<br \/>\nNext to Each Other. Monastery Hotel, Budapest \u2013 Eszter G\u00f6tz<br \/>\nOn the Landing of a Staircase. Detached Houses, Pesthidegk\u00fat \u2013 Tam\u00e1s Kiss<br \/>\nShooting Club House, Reloaded. Haris Park, Budapest \u2013 Mikl\u00f3s Okrutay<br \/>\nAdjusting, Radical Minimalism. James-Simon-Galerie, Museumsinsel, Berlin \u2013 Gy\u00f6rgy Szeg\u0151<br \/>\nTo Create an Established Order. Winery Reconstruction, Pitigliano, Italy \u2013 Andr\u00e1s Tibor Kert\u00e9sz<\/p>\n<p>CREATIVE CITIES<\/p>\n<p>The Place Where\u2026 Intimacy, Creativity, Flow \u2013 Tam\u00e1s Fej\u00e9rdy, Ferenc Miszkivetz, Laura Tak\u00e1cs<br \/>\nTreating Landscape Injuries with Art. Volcanoes Park, Zalahal\u00e1p \u2013 Bal\u00e1zs Sz\u00e1sz<\/p>\n<p>UTOIRAT <\/p>\n<p>Thoughts on the Social Stability. Architecture and Sociology at the 2nd National Architects\u2019 Salon \u2013 L\u00e1szl\u00f3 Antal Z.<br \/>\nUtopias Being Realized. Future Hall \u2013 Thought-provoking Conference in the Budapest Kunsthalle \u2013 M\u00e1ria Tatai<br \/>\nCommon Irregularities. Creative Week at the Faculty of Architecture, University of Technology, Debrecen \u2013 PRTZN Architecture<br \/>\nThe Contemporary Hungarian Heritage Preservation \u2013 G\u00e1bor Nagy<br \/>\nThe Disruption of the Cityscape \u2013 Paul Virilio<br \/>\nExperiments on Facade Designs and Perception Psychology. The New Vision Architecture \u2013 Anna Losonczy<br \/>\nPeter Halley: Heterotopy \u2013 B\u00e1lint Botzheim<\/p>\n<p>PLAN<\/p>\n<p>Ganz Futuro Diploma Design \u2013 Trinh Hai Dang<\/p>\n<p>PASSAGE<\/p>\n<p>Az \u201e\u00faj sz\u00e9ps\u00e9g\u201d \u00e9p\u00edt\u00e9szete. Tallinni \u00c9p\u00edt\u00e9szeti Bienn\u00e1l\u00e9 \u2013 Zsoldos Anna<br \/>\nHaba P\u00e9ter: Magyar ipari \u00e9p\u00edt\u00e9szet 1945\u20131970 \u2013 Szeg\u0151 Gy\u00f6rgy<br \/>\nNorv\u00e9g t\u00e1jakon, DAM, Frankfurt \u2013 G\u00f6tz Eszter<br \/>\nS\u00fcmegi Gy\u00f6rgy: Egy Lechner-\u00e1lom \u2013 Szeg\u0151 Gy\u00f6rgy<br \/>\n \u201eD\u00edsz\u00edt\u0151\u00e9rz\u00e9kkel \u00e1tsz\u0151tt tud\u00e1s&#8221;. K\u0151r\u00f6ssy Albert K\u00e1lm\u00e1n \u00e9p\u00edt\u0151m\u0171v\u00e9szete, R\u00e1th Gy\u00f6rgy-villa<br \/>\nIndul\u00e1s. Reimholz P\u00e9ter eml\u00e9kki\u00e1ll\u00edt\u00e1sa, MOME<br \/>\nPanel \u2013 L\u00e9t, k\u00f6z\u00f6ss\u00e9g, eszt\u00e9tika. A lak\u00f3telepek hatvan \u00e9ve, MODEM<br \/>\nA rajzt\u00f3l az install\u00e1ci\u00f3ig. Ilja &#038; Emilia Kabakov, Museum for Architectural Drawing, Berlin<\/p>\n<p>FAREWELL<\/p>\n<p>In memoriam Rajk L\u00e1szl\u00f3 1949\u20132019 \u2013 L\u00e1z\u00e1r Antal, Bal\u00e1zs J\u00e1nos, Patonai D\u00e9nes, Csomay Zs\u00f3fia, Szeg\u0151 Gy\u00f6rgy<\/p>\n","protected":false},"excerpt":{"rendered":"<p>Incl. VAT, Excl. <a href=\"http:\/\/webshop.meonline.hu\/szallitasi-dijak\/\">Shipping<\/a><\/p>\n","protected":false},"featured_media":638,"comment_status":"open","ping_status":"closed","template":"","meta":{"_et_pb_use_builder":"","_et_pb_old_content":"","_et_gb_content_width":""},"product_cat":[29,17],"product_tag":[],"_links":{"self":[{"href":"http:\/\/webshop.meonline.hu\/en\/wp-json\/wp\/v2\/product\/636"}],"collection":[{"href":"http:\/\/webshop.meonline.hu\/en\/wp-json\/wp\/v2\/product"}],"about":[{"href":"http:\/\/webshop.meonline.hu\/en\/wp-json\/wp\/v2\/types\/product"}],"replies":[{"embeddable":true,"href":"http:\/\/webshop.meonline.hu\/en\/wp-json\/wp\/v2\/comments?post=636"}],"wp:featuredmedia":[{"embeddable":true,"href":"http:\/\/webshop.meonline.hu\/en\/wp-json\/wp\/v2\/media\/638"}],"wp:attachment":[{"href":"http:\/\/webshop.meonline.hu\/en\/wp-json\/wp\/v2\/media?parent=636"}],"wp:term":[{"taxonomy":"product_cat","embeddable":true,"href":"http:\/\/webshop.meonline.hu\/en\/wp-json\/wp\/v2\/product_cat?post=636"},{"taxonomy":"product_tag","embeddable":true,"href":"http:\/\/webshop.meonline.hu\/en\/wp-json\/wp\/v2\/product_tag?post=636"}],"curies":[{"name":"wp","href":"https:\/\/api.w.org\/{rel}","templated":true}]}}