{"id":640,"date":"2020-04-15T17:40:40","date_gmt":"2020-04-15T17:40:40","guid":{"rendered":"http:\/\/webshop.meonline.hu\/en\/product\/me-20195-masolat\/"},"modified":"2020-04-19T11:27:09","modified_gmt":"2020-04-19T11:27:09","slug":"me-20196","status":"publish","type":"product","link":"http:\/\/webshop.meonline.hu\/en\/termek\/me-20196\/","title":{"rendered":"M\u00c9 2019\/6"},"content":{"rendered":"<p>Hungarian Architecture 2019\/6<\/p>\n<div class=\"tartalom\"><a style=\"color: #ffffff;\" href=\"http:\/\/meonline.hu\/en\/category\/archivum\/2019\/20196\/\" target=\"_blank\">Check out our issue of 2019\/6 on our website!<\/a><\/div>\n<p>&nbsp;<\/p>\n<h4>Content<\/h4>\n<p>SCENE<\/p>\n<p>Pro Architectura Prize 2019<br \/>\nBudapest Award 2019<br \/>\nMedia Architecture Prize 2019<\/p>\n<p>THEME<\/p>\n<p>Exemplary Architecture with Versatile Contents: Pusk\u00e1s Arena \u2013 Gy\u00f6rgy Szeg\u0151<br \/>\nThe Circle Meaning a Whole World. Debrecen International School \u2013 D\u00e1vid B\u00e1n<br \/>\nHit. The Reconstruction of Gergely Csiky Theatre, Kaposv\u00e1r \u2013 Gy\u00f6rgy Szeg\u0151<br \/>\nSilent Architecture. Nevill Holt Opera, Leicestershire, Great Britain \u2013 Eszter G\u00f6tz<br \/>\nThe Beauty of V\u00e1rosliget: Millennium House, Budapest \u2013 S\u00e1ndor Csont\u00f3<br \/>\nIn the Background, in Balance. Agroverzum Visitors\u2019 Centre, Martonv\u00e1s\u00e1r \u2013 Zor\u00e1n Vukosz\u00e1vlyev<br \/>\nIn a New Attire. Mimama\u2019s Kitchen, Budapest \u2013 Tam\u00e1s Kiss<br \/>\nViewed from Three Aspects. Foliage Education Trail, Pannonhalma \u2013 Anett Mizsei<\/p>\n<p>CREATIVE CITIES<\/p>\n<p>Oxford in the Pre-Alps. A Facelifted Benedictine Convent House, K\u0151szeg \u2013 Ferenc Miszlivetz<br \/>\nRadical Transformation. Developing the Centre of a Settlement, Gyermely \u2013 Szilvia Moln\u00e1r<\/p>\n<p>UTOIRAT<\/p>\n<p>Past \u2013 Present \u2013 Future. 30 Years of K\u00e1roly K\u00f3s Association \u2013 L\u00e1szl\u00f3 S\u00e1ros<br \/>\nFuga 10+ Lessons of the FUGA Anniversary Festival \u2013 Anna Z\u00f6ldi<br \/>\nImposing Panorama. Expo Museum, Shanghai \u2013 P\u00e1l L\u0151vei<br \/>\nHousing Estates in Towns in Hungary. Baja-\u00dajv\u00e1ros \u2013 B\u00e1lint Somogyi<br \/>\nFor a Rough and Essential Architecture. Notes for a Contemporary Architectural Ethics \u2013 Antonello Stella<br \/>\nMeaningful Architectural Ornamentation on the Synagogue by Lip\u00f3t Baumhorn in Szeged. Footnotes of a Doctoral Thesis \u2013 \u00c1gnes Oszk\u00f3<\/p>\n<p>PLAN<\/p>\n<p>Superblock, M\u00c9SZ-M\u00c9KDiploma Prize, 2019 \u2013 D\u00e1vid K\u00e1lna<\/p>\n<p>PASSAGE<\/p>\n<p>Ez\u00fcst \u00c1csceruza D\u00edj 2019<br \/>\nCsom\u00f3pontok. Turi Attila \u00e9p\u00edt\u00e9sz \u00e9s alkot\u00f3t\u00e1rsainak ki\u00e1ll\u00edt\u00e1sa \u2013 G\u00f6tz Eszter<br \/>\n\u00dajlip\u00f3tv\u00e1ros, szem el\u0151tt tartva. Bolla Zolt\u00e1n: \u00dajlip\u00f3tv\u00e1ros \u00e9p\u00edt\u00e9szete 1861\u20131945 \u2013 Csont\u00f3 S\u00e1ndor<br \/>\nA b\u00e9csi modern univerz\u00e1lis alkot\u00f3ja: Otto Prutscher \u2013 Szeg\u0151 Gy\u00f6rgy<br \/>\n\u00c9p\u00edt\u00e9szet a gyerekeknek. The Playground Project \u2013 G\u00f6tz Eszter<br \/>\n\u00c9vgy\u0171r\u0171k. Pataki Tibor ki\u00e1ll\u00edt\u00e1sa \u2013 Szeg\u0151 Gy\u00f6rgy<br \/>\nGlok\u00e1lis \u00e9p\u00edt\u00e9szet. BME Doktori Iskola, 2019<br \/>\nZvi Hecker: Neumeister-h\u00e1z \/ V\u00e1zlatok, FUGA<br \/>\nIparm\u0171v\u00e9szet a bels\u0151\u00e9p\u00edt\u00e9szetben \u2013 G\u00f6tz Eszter<br \/>\nA L\u00e1nch\u00edd alakv\u00e1ltoz\u00e1sai, BME aula<\/p>\n<p>FAREWELL<\/p>\n<p>In memoriam B\u00f6h\u00f6nyey J\u00e1nos 1925\u20132019 \u2013 B\u00e1lint Imre<\/p>\n","protected":false},"excerpt":{"rendered":"<p>Incl. VAT, Excl. <a href=\"http:\/\/webshop.meonline.hu\/szallitasi-dijak\/\">Shipping<\/a><\/p>\n","protected":false},"featured_media":642,"comment_status":"open","ping_status":"closed","template":"","meta":{"_et_pb_use_builder":"","_et_pb_old_content":"","_et_gb_content_width":""},"product_cat":[29,17],"product_tag":[],"_links":{"self":[{"href":"http:\/\/webshop.meonline.hu\/en\/wp-json\/wp\/v2\/product\/640"}],"collection":[{"href":"http:\/\/webshop.meonline.hu\/en\/wp-json\/wp\/v2\/product"}],"about":[{"href":"http:\/\/webshop.meonline.hu\/en\/wp-json\/wp\/v2\/types\/product"}],"replies":[{"embeddable":true,"href":"http:\/\/webshop.meonline.hu\/en\/wp-json\/wp\/v2\/comments?post=640"}],"wp:featuredmedia":[{"embeddable":true,"href":"http:\/\/webshop.meonline.hu\/en\/wp-json\/wp\/v2\/media\/642"}],"wp:attachment":[{"href":"http:\/\/webshop.meonline.hu\/en\/wp-json\/wp\/v2\/media?parent=640"}],"wp:term":[{"taxonomy":"product_cat","embeddable":true,"href":"http:\/\/webshop.meonline.hu\/en\/wp-json\/wp\/v2\/product_cat?post=640"},{"taxonomy":"product_tag","embeddable":true,"href":"http:\/\/webshop.meonline.hu\/en\/wp-json\/wp\/v2\/product_tag?post=640"}],"curies":[{"name":"wp","href":"https:\/\/api.w.org\/{rel}","templated":true}]}}