{"id":647,"date":"2020-04-28T09:19:02","date_gmt":"2020-04-28T09:19:03","guid":{"rendered":"http:\/\/webshop.meonline.hu\/en\/product\/me-20196-masolat\/"},"modified":"2020-04-28T09:39:45","modified_gmt":"2020-04-28T09:39:45","slug":"me-20201","status":"publish","type":"product","link":"http:\/\/webshop.meonline.hu\/en\/termek\/me-20201\/","title":{"rendered":"M\u00c9 2020\/1"},"content":{"rendered":"<p>Hungarian Architecture 2020\/1<\/p>\n<div class=\"tartalom\"><a style=\"color: #ffffff;\" href=\"http:\/\/meonline.hu\/en\/category\/archivum\/2020\/20201\/\" target=\"_blank\">Check out our issue of 2020\/1 on our website!<\/a><\/div>\n<p>&nbsp;<\/p>\n<h4>Content<\/h4>\n<p>SCENE<\/p>\n<p>Iv\u00e1n Kotsis Medal 2019: J\u00e1nos Golda<br \/>\nYoung Architects\u2019 Generation 2019 Contest and Travelling Exhibition \u2013 Andr\u00e1s Borsos<br \/>\nSzentendre \u2013 Cultural Riverside 2019. The Result of the Architectural Competition<br \/>\nYona Friedman 1923\u20132020 \u2013 Szeg\u0151 Gy\u00f6rgy<br \/>\nPiranesi Award 2019 Exhibition in FUGA<\/p>\n<p>THEME<\/p>\n<p>Z as in Zala. Reception Building for a Test Field for Motor Industry, Zalaegerszeg \u2013 Eszter G\u00f6tz<br \/>\nIs Zs\u00e1mb\u00e9k Worth Visiting to see Modern Architecture? The Remodelling and Extension of St John the Baptist School Centre in Zs\u00e1mb\u00e9k \u2013 Tam\u00e1s D\u00e9v\u00e9nyi<br \/>\nUnder a Lucky Constellation. Istv\u00e1n Sz\u00e9chenyi Primary School, Budakeszi \u2013 M\u00e1ria Tatai<br \/>\nA Dual Challenge. Office Block of the Parliament Office, Budapest \u2013 S\u00e1ndor Csont\u00f3<br \/>\nRaise the Bid! Detached House, Budakeszi \u2013 B\u00e1lint Botzheim<br \/>\nIn Mother Nature\u2019s Lap. Detached House, Bugyi \u00dcrb\u0151puszta \u2013 Tam\u00e1s Kiss<br \/>\nAurea Mediocritas. Food Industry Training Workshop, Karcag \u2013 Levente M\u00f3r\u00e9<br \/>\nChopsticks. Medical Center, Budapest, K\u0151b\u00e1nya \u2013 Tam\u00e1s Ulrich<br \/>\nSchools and Slaps. Federal High School, Aspern \u2013 Gy\u00f6rgy Szeg\u0151<\/p>\n<p>UTOIRAT<\/p>\n<p>Attraction and Repulsion. Torsos of Passage Houses in Downtown \u00dajpest \u2013 Anna Korn\u00e9lia Losonczy, Melinda Benk\u0151<br \/>\nSpontaneous Architecture in Tirana \u2013 Bence Bene<br \/>\nThickening Vacancies. Community Building Cores in New Contemporary Buildings of Oxford University \u2013 T\u00edmea Deichler, D\u00e1niel Jakab<br \/>\nAlbert K\u0151r\u00f6ssy\u2019s Architecture. Issues of Stereotypes and Etimology Associated with Art Nouveau in Hungary. \u2013 Eszter Baldav\u00e1ri<br \/>\nThe Tenement Palace where Gustav Mahler Moved. Vilmos Freund Died 100 Years ago \u2013 Andr\u00e1s Jeney<br \/>\nTestimonies towards a Deeper Understanding of Modernist Architecture. Ferenc V\u00e1mossy: Essays on Architectural Theory \u2013 M\u00e1ria Tatai<br \/>\nThe Place in the World of the Non-places. Istv\u00e1n Schneller: Modern Sacred Buildings \u2013 Tam\u00e1s Meggyesi<br \/>\nArchitectural Illusions and City Utopies in Armenia Katharina Roters: Anatomy of a Dream \u2013 Borb\u00e1la J\u00e1sz<\/p>\n<p>PLAN<\/p>\n<p>Making Use of the Wenckheim Granary in Doboz. Diploma Award 2019 \u2013 Mikl\u00f3s Megyesi<\/p>\n<p>PASSAGE<\/p>\n<p>Egy m\u00e1ig \u00e9rv\u00e9nyes k\u00eds\u00e9rlet. Ferkai Andr\u00e1s: Modern h\u00e1zak \u00e9s lak\u00f3ik \u2013 G\u00f6tz Eszter<br \/>\nT\u00f6rt\u00e9netek t\u00e9gl\u00e1ban, k\u0151ben. D\u00e9nes Eszter: D\u00e9v\u00e9nyi S\u00e1ndor \u00e9p\u00edt\u00e9szete \u2013 G\u00f6z Eszter<br \/>\nB\u00f6hm 100. A nevigesi beton d\u00f3m, DAM, Frankfurt \u2013 Szeg\u0151 Gy\u00f6rgy<br \/>\nA hidegh\u00e1bor\u00fa \u00e9p\u00edt\u00e9szete. AzWien, B\u00e9cs \u2013 Szeg\u0151 Gy\u00f6rgy<br \/>\nThonet \u00e9s a modern b\u00fatordesign, MAK, B\u00e9cs \u2013 Szeg\u0151 Gy\u00f6rgy<br \/>\nFront \u2013 \u00e9p\u00edt\u00e9szek a szomsz\u00e9db\u00f3l, B32 Gal\u00e9ria<br \/>\nGolden Cube Awards<\/p>\n<p>FAREWELL<\/p>\n<p>Elhunyt Kampis Mikl\u00f3s \u00e9p\u00edt\u00e9sz 1935\u20132020 \u2013 Buella M\u00f3nika<br \/>\nIn memoriam Kocsis J\u00f3zsef 1949\u20132020 \u2013 Alf\u00f6ldi Gy\u00f6rgy<\/p>\n","protected":false},"excerpt":{"rendered":"<p>Incl. VAT, Excl. <a href=\"http:\/\/webshop.meonline.hu\/szallitasi-dijak\/\">Shipping<\/a><\/p>\n","protected":false},"featured_media":649,"comment_status":"open","ping_status":"closed","template":"","meta":{"_et_pb_use_builder":"","_et_pb_old_content":"","_et_gb_content_width":""},"product_cat":[32,17],"product_tag":[],"_links":{"self":[{"href":"http:\/\/webshop.meonline.hu\/en\/wp-json\/wp\/v2\/product\/647"}],"collection":[{"href":"http:\/\/webshop.meonline.hu\/en\/wp-json\/wp\/v2\/product"}],"about":[{"href":"http:\/\/webshop.meonline.hu\/en\/wp-json\/wp\/v2\/types\/product"}],"replies":[{"embeddable":true,"href":"http:\/\/webshop.meonline.hu\/en\/wp-json\/wp\/v2\/comments?post=647"}],"wp:featuredmedia":[{"embeddable":true,"href":"http:\/\/webshop.meonline.hu\/en\/wp-json\/wp\/v2\/media\/649"}],"wp:attachment":[{"href":"http:\/\/webshop.meonline.hu\/en\/wp-json\/wp\/v2\/media?parent=647"}],"wp:term":[{"taxonomy":"product_cat","embeddable":true,"href":"http:\/\/webshop.meonline.hu\/en\/wp-json\/wp\/v2\/product_cat?post=647"},{"taxonomy":"product_tag","embeddable":true,"href":"http:\/\/webshop.meonline.hu\/en\/wp-json\/wp\/v2\/product_tag?post=647"}],"curies":[{"name":"wp","href":"https:\/\/api.w.org\/{rel}","templated":true}]}}