{"id":750,"date":"2022-01-24T19:03:32","date_gmt":"2022-01-24T19:03:32","guid":{"rendered":"http:\/\/webshop.meonline.hu\/termek\/me-2020-2\/"},"modified":"2022-01-24T20:13:56","modified_gmt":"2022-01-24T20:13:56","slug":"me-20202","status":"publish","type":"product","link":"http:\/\/webshop.meonline.hu\/en\/termek\/me-20202\/","title":{"rendered":"M\u00c9 2020\/2"},"content":{"rendered":"<p>Hungarian Architecture 2020\/2<\/p>\n<div class=\"tartalom\"><a href=\"http:\/\/meonline.hu\/en\/category\/archivum\/2020\/20202-2020\/\" target=\"_blank\" rel=\"noopener\">Check out our issue of 2020\/2 on our website!<\/a><\/div>\n<p>&nbsp;<\/p>\n<h4>Content<\/h4>\n<p>SCENE<\/p>\n<p>Awards on March 15th. Architects Awarded Kossuth and Ybl Prizes<br \/>\nUIA II. Region Meeting and International Convention of Architecture \u2013 Tibor F\u00e1tyol<br \/>\nThe Transmitter. In Memoriam Gy\u00f6rgy Fekete (1932\u20132020) \u2013 Gy\u00f6rgy Szeg\u0151<br \/>\nThe Architect of Sensitive Modernism: G\u00e1bor Tur\u00e1nyi (1948\u20132020) \u2013 Mikl\u00f3s Sulyok<br \/>\nJ\u00f3zsef Scherer designer (1947\u20132020) \u2013 Gy\u00f6rgy Szeg\u0151<\/p>\n<p>THEME<\/p>\n<p>A Hall for Culture in K\u0151b\u00e1nya: The Workshop and Rehearsal Centre of the Hungarian State Opera and Erkel Theatre, Budapest \u2013 Eszter G\u00f6tz<br \/>\nThe New Life of Light. The Rehab Scheme of Ligeti Mansion, Budapest \u2013 \u00c9va Lovra<br \/>\nYoung Generation after \u201eThe Young\u201d. Minor Market, Wekerle Housing Estate \u2013 Ferenc Salamin<br \/>\nHide and Seek. Kadarka Street Kindergarten, Budapest \u2013 Szilvia Moln\u00e1r<br \/>\nDisciplined Elegance. Dezs\u0151 Gyarmati Swimming-Pool, Budapest \u2013 Tam\u00e1s Kiss<br \/>\nA Metamorphosis on Water: Sports and Events Ship, Budapest \u2013 B\u00e1lint Botzheim<br \/>\nFacing the River Moldau. The Revitalization of the Quay of Prague \u2013 Gy\u00f6rgy Szeg\u0151<\/p>\n<p>PLAN<\/p>\n<p>Two Schemes for the Prison Block in Debrecen \u2013 Ang\u00e9la Solt\u00e9sz, T\u00fcnde Zahari<\/p>\n<p>UTOIRAT<\/p>\n<p>Healing Architecture. 17th International Congress of Architects \u2013 Orsolya Ware-Nagy<br \/>\nOur Churches and Visuality. Sacred Spaces Conference \u2013 Bal\u00e1zs Feledy<br \/>\nLet them also Feel\u2026 Four Films Shown on the 12th Architectural Films Days \u2013 M\u00e1ria Tatai<br \/>\nArchitects in Home Office \u2013 Fanni Izabella Magyar\u00f3v\u00e1ri<br \/>\nExploring the Map. \u00c9va Lovra: Cities in the Austro-Hungarian Monarchy \u2013 Tam\u00e1s Meggyesi<br \/>\nA Budapest Citizen in Vienna. Art Life in Vienna during the Reign of Franz Joseph as Viewed by Lajos Hevesi \u2013 Gy\u00f6rgy Szeg\u0151<br \/>\nPandemia. Covid-19&#8217;s Impact on Hospital Designs \u2013 Zolt\u00e1n Schrammel<br \/>\nThe Flower of Survival. The Homo Sapiens and the Big Issue \u2013 Andr\u00e1s Nagy<\/p>\n","protected":false},"excerpt":{"rendered":"<p>Incl. VAT, Excl. <a href=\"http:\/\/webshop.meonline.hu\/szallitasi-dijak\/\">Shipping<\/a><\/p>\n","protected":false},"featured_media":681,"comment_status":"open","ping_status":"closed","template":"","meta":{"_et_pb_use_builder":"","_et_pb_old_content":"","_et_gb_content_width":""},"product_cat":[32,17],"product_tag":[],"_links":{"self":[{"href":"http:\/\/webshop.meonline.hu\/en\/wp-json\/wp\/v2\/product\/750"}],"collection":[{"href":"http:\/\/webshop.meonline.hu\/en\/wp-json\/wp\/v2\/product"}],"about":[{"href":"http:\/\/webshop.meonline.hu\/en\/wp-json\/wp\/v2\/types\/product"}],"replies":[{"embeddable":true,"href":"http:\/\/webshop.meonline.hu\/en\/wp-json\/wp\/v2\/comments?post=750"}],"wp:featuredmedia":[{"embeddable":true,"href":"http:\/\/webshop.meonline.hu\/en\/wp-json\/wp\/v2\/media\/681"}],"wp:attachment":[{"href":"http:\/\/webshop.meonline.hu\/en\/wp-json\/wp\/v2\/media?parent=750"}],"wp:term":[{"taxonomy":"product_cat","embeddable":true,"href":"http:\/\/webshop.meonline.hu\/en\/wp-json\/wp\/v2\/product_cat?post=750"},{"taxonomy":"product_tag","embeddable":true,"href":"http:\/\/webshop.meonline.hu\/en\/wp-json\/wp\/v2\/product_tag?post=750"}],"curies":[{"name":"wp","href":"https:\/\/api.w.org\/{rel}","templated":true}]}}